{"id":617,"date":"2023-07-21T12:33:47","date_gmt":"2023-07-21T10:33:47","guid":{"rendered":"https:\/\/zlobekbabypanda.pl\/?page_id=617"},"modified":"2023-07-25T10:33:26","modified_gmt":"2023-07-25T08:33:26","slug":"zajecia","status":"publish","type":"page","link":"https:\/\/zlobekbabypanda.pl\/?page_id=617","title":{"rendered":"zaj\u0119cia"},"content":{"rendered":"<style>.kb-row-layout-id_d6e58c-42 > .kt-row-column-wrap{align-content:start;}:where(.kb-row-layout-id_d6e58c-42 > .kt-row-column-wrap) > .wp-block-kadence-column{justify-content:start;}.kb-row-layout-id_d6e58c-42 > .kt-row-column-wrap{column-gap:var(--global-kb-gap-md, 2rem);row-gap:var(--global-kb-gap-md, 2rem);max-width:700px;margin-left:auto;margin-right:auto;padding-top:125px;padding-bottom:40px;grid-template-columns:minmax(0, 1fr);}.kb-row-layout-id_d6e58c-42 > .kt-row-layout-overlay{opacity:0.30;}.kb-row-layout-id_d6e58c-42 .kt-row-layout-bottom-sep{height:100px;}.kb-row-layout-id_d6e58c-42 .kt-row-layout-bottom-sep svg{width:100%;}.kb-row-layout-id_d6e58c-42 .kt-row-layout-bottom-sep svg{fill:#ffffff!important;}.kb-row-layout-id_d6e58c-42 .kt-row-layout-top-sep{height:100px;}.kb-row-layout-id_d6e58c-42 .kt-row-layout-top-sep svg{fill:#ffffff!important;}@media all and (max-width: 1024px){.kb-row-layout-id_d6e58c-42 > .kt-row-column-wrap{grid-template-columns:minmax(0, 1fr);}}@media all and (max-width: 1024px){.kb-row-layout-id_d6e58c-42 .kt-row-layout-bottom-sep{height:px;}}@media all and (max-width: 1024px){.kb-row-layout-id_d6e58c-42 .kt-row-layout-bottom-sep svg{width:%;}}@media all and (max-width: 767px){.kb-row-layout-id_d6e58c-42 > .kt-row-column-wrap{grid-template-columns:minmax(0, 1fr);}.kb-row-layout-id_d6e58c-42 .kt-row-layout-bottom-sep{height:px;}.kb-row-layout-id_d6e58c-42 .kt-row-layout-bottom-sep svg{width:%;}}<\/style><div class=\"kb-row-layout-wrap kb-row-layout-id_d6e58c-42 alignnone has-theme-palette8-background-color kt-row-has-bg wp-block-kadence-rowlayout\"><div class=\"kt-row-layout-top-sep kt-row-sep-type-wavesi\"><svg viewBox=\"0 0 1000 100\" preserveAspectRatio=\"none\"><path d=\"M0,40c0,0 120.077,-38.076 250,-38c129.923,0.076 345.105,78 500,78c154.895,0 250,-30 250,-30l0,50l-1000,0l0,-60Z\" \/><path d=\"M0,40c0,0 120.077,-38.076 250,-38c129.923,0.076 345.105,73 500,73c154.895,0 250,-45 250,-45l0,70l-1000,0l0,-60Z\" style=\"opacity: 0.4\" \/><path d=\"M0,40c0,0 120.077,-38.076 250,-38c129.923,0.076 345.105,68 500,68c154.895,0 250,-65 250,-65l0,95l-1000,0l0,-60Z\" style=\"opacity: 0.4\" \/><\/svg><\/div><div class=\"kt-row-column-wrap kt-has-1-columns kt-row-layout-equal kt-tab-layout-inherit kt-mobile-layout-row kt-row-valign-top\">\n<style>.kadence-column_181455-83 > .kt-inside-inner-col,.kadence-column_181455-83 > .kt-inside-inner-col:before{border-top-left-radius:0px;border-top-right-radius:0px;border-bottom-right-radius:0px;border-bottom-left-radius:0px;}.kadence-column_181455-83 > .kt-inside-inner-col:before{opacity:0.3;}.kadence-column_181455-83{position:relative;}<\/style>\n<div class=\"wp-block-kadence-column kadence-column_181455-83 inner-column-1\"><div class=\"kt-inside-inner-col\"><\/div><\/div>\n\n<\/div><\/div>\n\n<style>.kb-row-layout-id_e00bae-01 > .kt-row-column-wrap{align-content:start;}:where(.kb-row-layout-id_e00bae-01 > .kt-row-column-wrap) > .wp-block-kadence-column{justify-content:start;}.kb-row-layout-id_e00bae-01 > .kt-row-column-wrap{column-gap:var(--global-kb-gap-md, 2rem);row-gap:var(--global-kb-gap-md, 2rem);max-width:var( --global-content-width, 1290px );padding-left:var(--global-content-edge-padding);padding-right:var(--global-content-edge-padding);padding-top:0px;padding-bottom:80px;grid-template-columns:repeat(3, minmax(0, 1fr));}.kb-row-layout-id_e00bae-01 > .kt-row-layout-overlay{opacity:0.30;}.kb-row-layout-id_e00bae-01 .kt-row-layout-bottom-sep{height:100px;}.kb-row-layout-id_e00bae-01 .kt-row-layout-bottom-sep svg{width:100%;}.kb-row-layout-id_e00bae-01 .kt-row-layout-bottom-sep svg{fill:#ffffff!important;}@media all and (max-width: 1024px){.kb-row-layout-id_e00bae-01 > .kt-row-column-wrap{grid-template-columns:repeat(6, minmax(0, 1fr));}}@media all and (max-width: 1024px){.kb-row-layout-id_e00bae-01 .kt-row-layout-bottom-sep{height:px;}}@media all and (max-width: 1024px){.kb-row-layout-id_e00bae-01 .kt-row-layout-bottom-sep svg{width:%;}}@media all and (max-width: 767px){.kb-row-layout-id_e00bae-01 > .kt-row-column-wrap{grid-template-columns:minmax(0, 1fr);}.kb-row-layout-id_e00bae-01 .kt-row-layout-bottom-sep{height:px;}.kb-row-layout-id_e00bae-01 .kt-row-layout-bottom-sep svg{width:%;}}<\/style><div class=\"kb-row-layout-wrap kb-row-layout-id_e00bae-01 alignnone has-theme-palette8-background-color kt-row-has-bg wp-block-kadence-rowlayout\"><div class=\"kt-row-layout-bottom-sep kt-row-sep-type-crvri\"><svg viewBox=\"0 0 1000 100\" preserveAspectRatio=\"none\"><path d=\"M1000,0c0,0 -120.987,98 -350,98c-229.013,0 -650,-98 -650,-98l0,100l1000,0l0,-100Z\" \/><\/svg><\/div><div class=\"kt-row-column-wrap kt-has-6-columns kt-row-layout-three-grid kt-tab-layout-inherit kt-mobile-layout-row kt-row-valign-top kb-theme-content-width\">\n<style>.kadence-column_8c56e6-d4 > .kt-inside-inner-col,.kadence-column_8c56e6-d4 > .kt-inside-inner-col:before{border-top-left-radius:0px;border-top-right-radius:0px;border-bottom-right-radius:0px;border-bottom-left-radius:0px;}.kadence-column_8c56e6-d4 > .kt-inside-inner-col:before{opacity:0.3;}.kadence-column_8c56e6-d4{position:relative;}<\/style>\n<div class=\"wp-block-kadence-column kadence-column_8c56e6-d4 inner-column-1\"><div class=\"kt-inside-inner-col\">\n<h5 class=\"wp-block-heading has-text-align-center\">Sensoplastyka<\/h5>\n\n\n<div class=\"wp-block-image\">\n<figure class=\"aligncenter size-large is-resized\"><img loading=\"lazy\" decoding=\"async\" src=\"https:\/\/zlobekbabypanda.pl\/wp-content\/uploads\/2023\/07\/IMG_1700-e1689946039490-1024x826.jpg\" alt=\"malowanie kwiatami\" class=\"wp-image-546\" width=\"234\" height=\"188\" srcset=\"https:\/\/zlobekbabypanda.pl\/wp-content\/uploads\/2023\/07\/IMG_1700-e1689946039490-1024x826.jpg 1024w, https:\/\/zlobekbabypanda.pl\/wp-content\/uploads\/2023\/07\/IMG_1700-e1689946039490-300x242.jpg 300w, https:\/\/zlobekbabypanda.pl\/wp-content\/uploads\/2023\/07\/IMG_1700-e1689946039490-768x619.jpg 768w, https:\/\/zlobekbabypanda.pl\/wp-content\/uploads\/2023\/07\/IMG_1700-e1689946039490.jpg 1440w\" sizes=\"auto, (max-width: 234px) 100vw, 234px\" \/><\/figure>\n<\/div><\/div><\/div>\n\n\n<style>.kadence-column_1004fe-d4 > .kt-inside-inner-col,.kadence-column_1004fe-d4 > .kt-inside-inner-col:before{border-top-left-radius:0px;border-top-right-radius:0px;border-bottom-right-radius:0px;border-bottom-left-radius:0px;}.kadence-column_1004fe-d4 > .kt-inside-inner-col:before{opacity:0.3;}.kadence-column_1004fe-d4{position:relative;}<\/style>\n<div class=\"wp-block-kadence-column kadence-column_1004fe-d4 inner-column-2\"><div class=\"kt-inside-inner-col\"><style>.kadence-column_54cfdc-da > .kt-inside-inner-col,.kadence-column_54cfdc-da > .kt-inside-inner-col:before{border-top-left-radius:0px;border-top-right-radius:0px;border-bottom-right-radius:0px;border-bottom-left-radius:0px;}.kadence-column_54cfdc-da > .kt-inside-inner-col:before{opacity:0.3;}.kadence-column_54cfdc-da{position:relative;}<\/style>\n<div class=\"wp-block-kadence-column kadence-column_54cfdc-da inner-column-1\"><div class=\"kt-inside-inner-col\">\n<h5 class=\"wp-block-heading has-text-align-center\">Zaj\u0119cia umuzykalniaj\u0105ce<\/h5>\n<\/div><\/div>\n<\/div><\/div>\n\n\n<style>.kadence-column_a27ae4-b2 > .kt-inside-inner-col,.kadence-column_a27ae4-b2 > .kt-inside-inner-col:before{border-top-left-radius:0px;border-top-right-radius:0px;border-bottom-right-radius:0px;border-bottom-left-radius:0px;}.kadence-column_a27ae4-b2 > .kt-inside-inner-col:before{opacity:0.3;}.kadence-column_a27ae4-b2{position:relative;}<\/style>\n<div class=\"wp-block-kadence-column kadence-column_a27ae4-b2 inner-column-3\"><div class=\"kt-inside-inner-col\"><style>.kadence-column_278630-ae > .kt-inside-inner-col,.kadence-column_278630-ae > .kt-inside-inner-col:before{border-top-left-radius:0px;border-top-right-radius:0px;border-bottom-right-radius:0px;border-bottom-left-radius:0px;}.kadence-column_278630-ae > .kt-inside-inner-col:before{opacity:0.3;}.kadence-column_278630-ae{position:relative;}<\/style>\n<div class=\"wp-block-kadence-column kadence-column_278630-ae inner-column-1\"><div class=\"kt-inside-inner-col\">\n<h5 class=\"wp-block-heading has-text-align-center\">Muzyczna gimnastyka<\/h5>\n<\/div><\/div>\n<\/div><\/div>\n\n\n<style>.kadence-column_10fa6d-c4 > .kt-inside-inner-col,.kadence-column_10fa6d-c4 > .kt-inside-inner-col:before{border-top-left-radius:0px;border-top-right-radius:0px;border-bottom-right-radius:0px;border-bottom-left-radius:0px;}.kadence-column_10fa6d-c4 > .kt-inside-inner-col:before{opacity:0.3;}.kadence-column_10fa6d-c4{position:relative;}<\/style>\n<div class=\"wp-block-kadence-column kadence-column_10fa6d-c4 inner-column-4\"><div class=\"kt-inside-inner-col\"><style>.kadence-column_272c9b-0e > .kt-inside-inner-col,.kadence-column_272c9b-0e > .kt-inside-inner-col:before{border-top-left-radius:0px;border-top-right-radius:0px;border-bottom-right-radius:0px;border-bottom-left-radius:0px;}.kadence-column_272c9b-0e > .kt-inside-inner-col:before{opacity:0.3;}.kadence-column_272c9b-0e{position:relative;}<\/style>\n<div class=\"wp-block-kadence-column kadence-column_272c9b-0e inner-column-1\"><div class=\"kt-inside-inner-col\">\n<h5 class=\"wp-block-heading has-text-align-center\">Zaj\u0119cia logicznego my\u015blenia<\/h5>\n<\/div><\/div>\n<\/div><\/div>\n\n\n<style>.kadence-column_1c0d93-54 > .kt-inside-inner-col,.kadence-column_1c0d93-54 > .kt-inside-inner-col:before{border-top-left-radius:0px;border-top-right-radius:0px;border-bottom-right-radius:0px;border-bottom-left-radius:0px;}.kadence-column_1c0d93-54 > .kt-inside-inner-col:before{opacity:0.3;}.kadence-column_1c0d93-54{position:relative;}<\/style>\n<div class=\"wp-block-kadence-column kadence-column_1c0d93-54 inner-column-5\"><div class=\"kt-inside-inner-col\"><style>.kadence-column_648f34-c2 > .kt-inside-inner-col,.kadence-column_648f34-c2 > .kt-inside-inner-col:before{border-top-left-radius:0px;border-top-right-radius:0px;border-bottom-right-radius:0px;border-bottom-left-radius:0px;}.kadence-column_648f34-c2 > .kt-inside-inner-col:before{opacity:0.3;}.kadence-column_648f34-c2{position:relative;}<\/style>\n<div class=\"wp-block-kadence-column kadence-column_648f34-c2 inner-column-1\"><div class=\"kt-inside-inner-col\">\n<h5 class=\"wp-block-heading has-text-align-center\">Zaj\u0119cia logopedyczne<\/h5>\n<\/div><\/div>\n<\/div><\/div>\n\n\n<style>.kadence-column_08d34d-18 > .kt-inside-inner-col,.kadence-column_08d34d-18 > .kt-inside-inner-col:before{border-top-left-radius:0px;border-top-right-radius:0px;border-bottom-right-radius:0px;border-bottom-left-radius:0px;}.kadence-column_08d34d-18 > .kt-inside-inner-col:before{opacity:0.3;}.kadence-column_08d34d-18{position:relative;}<\/style>\n<div class=\"wp-block-kadence-column kadence-column_08d34d-18\"><div class=\"kt-inside-inner-col\"><style>.kadence-column_5c6435-74 > .kt-inside-inner-col,.kadence-column_5c6435-74 > .kt-inside-inner-col:before{border-top-left-radius:0px;border-top-right-radius:0px;border-bottom-right-radius:0px;border-bottom-left-radius:0px;}.kadence-column_5c6435-74 > .kt-inside-inner-col:before{opacity:0.3;}.kadence-column_5c6435-74{position:relative;}<\/style>\n<div class=\"wp-block-kadence-column kadence-column_5c6435-74 inner-column-1\"><div class=\"kt-inside-inner-col\">\n<h5 class=\"wp-block-heading has-text-align-center\">Poznawanie \u015bwiata<\/h5>\n\n\n<div class=\"wp-block-image\">\n<figure class=\"aligncenter size-large is-resized\"><img loading=\"lazy\" decoding=\"async\" src=\"https:\/\/zlobekbabypanda.pl\/wp-content\/uploads\/2023\/07\/IMG_1738-1-e1689946310390-1024x693.jpg\" alt=\"mapa \u015bwiata\" class=\"wp-image-659\" width=\"234\" height=\"188\"\/><\/figure>\n<\/div><\/div><\/div>\n<\/div><\/div>\n\n\n<style>.kadence-column_2edf83-fb > .kt-inside-inner-col,.kadence-column_2edf83-fb > .kt-inside-inner-col:before{border-top-left-radius:0px;border-top-right-radius:0px;border-bottom-right-radius:0px;border-bottom-left-radius:0px;}.kadence-column_2edf83-fb > .kt-inside-inner-col:before{opacity:0.3;}.kadence-column_2edf83-fb{position:relative;}<\/style>\n<div class=\"wp-block-kadence-column kadence-column_2edf83-fb\"><div class=\"kt-inside-inner-col\"><style>.kadence-column_147c29-49 > .kt-inside-inner-col,.kadence-column_147c29-49 > .kt-inside-inner-col:before{border-top-left-radius:0px;border-top-right-radius:0px;border-bottom-right-radius:0px;border-bottom-left-radius:0px;}.kadence-column_147c29-49 > .kt-inside-inner-col:before{opacity:0.3;}.kadence-column_147c29-49{position:relative;}<\/style>\n<div class=\"wp-block-kadence-column kadence-column_147c29-49 inner-column-1\"><div class=\"kt-inside-inner-col\">\n<h5 class=\"wp-block-heading has-text-align-center\">Eksperymenty<\/h5>\n<\/div><\/div>\n<\/div><\/div>\n\n\n<style>.kadence-column_20e769-9a > .kt-inside-inner-col,.kadence-column_20e769-9a > .kt-inside-inner-col:before{border-top-left-radius:0px;border-top-right-radius:0px;border-bottom-right-radius:0px;border-bottom-left-radius:0px;}.kadence-column_20e769-9a > .kt-inside-inner-col:before{opacity:0.3;}.kadence-column_20e769-9a{position:relative;}<\/style>\n<div class=\"wp-block-kadence-column kadence-column_20e769-9a\"><div class=\"kt-inside-inner-col\"><style>.kadence-column_2bfb5e-ce > .kt-inside-inner-col,.kadence-column_2bfb5e-ce > .kt-inside-inner-col:before{border-top-left-radius:0px;border-top-right-radius:0px;border-bottom-right-radius:0px;border-bottom-left-radius:0px;}.kadence-column_2bfb5e-ce > .kt-inside-inner-col:before{opacity:0.3;}.kadence-column_2bfb5e-ce{position:relative;}<\/style>\n<div class=\"wp-block-kadence-column kadence-column_2bfb5e-ce inner-column-1\"><div class=\"kt-inside-inner-col\">\n<h5 class=\"wp-block-heading has-text-align-center\">Rozw\u00f3j motoryki ma\u0142ej<\/h5>\n\n\n<div class=\"wp-block-image\">\n<figure class=\"aligncenter size-large is-resized\"><img loading=\"lazy\" decoding=\"async\" src=\"https:\/\/zlobekbabypanda.pl\/wp-content\/uploads\/2023\/07\/IMG_1723-e1689946435931-1024x886.jpg\" alt=\"\" class=\"wp-image-568\" width=\"234\" height=\"188\"\/><\/figure>\n<\/div><\/div><\/div>\n<\/div><\/div>\n\n\n<style>.kadence-column_6c85df-1c > .kt-inside-inner-col,.kadence-column_6c85df-1c > .kt-inside-inner-col:before{border-top-left-radius:0px;border-top-right-radius:0px;border-bottom-right-radius:0px;border-bottom-left-radius:0px;}.kadence-column_6c85df-1c > .kt-inside-inner-col:before{opacity:0.3;}.kadence-column_6c85df-1c{position:relative;}<\/style>\n<div class=\"wp-block-kadence-column kadence-column_6c85df-1c\"><div class=\"kt-inside-inner-col\"><style>.kadence-column_b49067-5e > .kt-inside-inner-col,.kadence-column_b49067-5e > .kt-inside-inner-col:before{border-top-left-radius:0px;border-top-right-radius:0px;border-bottom-right-radius:0px;border-bottom-left-radius:0px;}.kadence-column_b49067-5e > .kt-inside-inner-col:before{opacity:0.3;}.kadence-column_b49067-5e{position:relative;}<\/style>\n<div class=\"wp-block-kadence-column kadence-column_b49067-5e inner-column-1\"><div class=\"kt-inside-inner-col\">\n<h5 class=\"wp-block-heading has-text-align-center\">Rozw\u00f3j motoryki du\u017cej<\/h5>\n<\/div><\/div>\n<\/div><\/div>\n\n\n<style>.kadence-column_cc0bc3-4b > .kt-inside-inner-col,.kadence-column_cc0bc3-4b > .kt-inside-inner-col:before{border-top-left-radius:0px;border-top-right-radius:0px;border-bottom-right-radius:0px;border-bottom-left-radius:0px;}.kadence-column_cc0bc3-4b > .kt-inside-inner-col:before{opacity:0.3;}.kadence-column_cc0bc3-4b{position:relative;}<\/style>\n<div class=\"wp-block-kadence-column kadence-column_cc0bc3-4b\"><div class=\"kt-inside-inner-col\"><style>.kadence-column_9658e0-05 > .kt-inside-inner-col,.kadence-column_9658e0-05 > .kt-inside-inner-col:before{border-top-left-radius:0px;border-top-right-radius:0px;border-bottom-right-radius:0px;border-bottom-left-radius:0px;}.kadence-column_9658e0-05 > .kt-inside-inner-col:before{opacity:0.3;}.kadence-column_9658e0-05{position:relative;}<\/style>\n<div class=\"wp-block-kadence-column kadence-column_9658e0-05 inner-column-1\"><div class=\"kt-inside-inner-col\">\n<h5 class=\"wp-block-heading has-text-align-center\">J\u0119zyk angielski<\/h5>\n<\/div><\/div>\n<\/div><\/div>\n\n\n<style>.kadence-column_3aee59-ec > .kt-inside-inner-col,.kadence-column_3aee59-ec > .kt-inside-inner-col:before{border-top-left-radius:0px;border-top-right-radius:0px;border-bottom-right-radius:0px;border-bottom-left-radius:0px;}.kadence-column_3aee59-ec > .kt-inside-inner-col:before{opacity:0.3;}.kadence-column_3aee59-ec{position:relative;}<\/style>\n<div class=\"wp-block-kadence-column kadence-column_3aee59-ec\"><div class=\"kt-inside-inner-col\"><style>.kadence-column_cf8794-2b > .kt-inside-inner-col,.kadence-column_cf8794-2b > .kt-inside-inner-col:before{border-top-left-radius:0px;border-top-right-radius:0px;border-bottom-right-radius:0px;border-bottom-left-radius:0px;}.kadence-column_cf8794-2b > .kt-inside-inner-col:before{opacity:0.3;}.kadence-column_cf8794-2b{position:relative;}<\/style>\n<div class=\"wp-block-kadence-column kadence-column_cf8794-2b inner-column-1\"><div class=\"kt-inside-inner-col\">\n<h5 class=\"wp-block-heading has-text-align-center\">Gordonki<\/h5>\n\n\n<div class=\"wp-block-image\">\n<figure class=\"aligncenter size-large is-resized\"><img loading=\"lazy\" decoding=\"async\" src=\"https:\/\/zlobekbabypanda.pl\/wp-content\/uploads\/2023\/07\/IMG_1691-edited.jpg\" alt=\"Gordonki\" class=\"wp-image-654\" width=\"234\" height=\"188\"\/><\/figure>\n<\/div><\/div><\/div>\n<\/div><\/div>\n\n\n<style>.kadence-column_768a5e-36 > .kt-inside-inner-col,.kadence-column_768a5e-36 > .kt-inside-inner-col:before{border-top-left-radius:0px;border-top-right-radius:0px;border-bottom-right-radius:0px;border-bottom-left-radius:0px;}.kadence-column_768a5e-36 > .kt-inside-inner-col:before{opacity:0.3;}.kadence-column_768a5e-36{position:relative;}<\/style>\n<div class=\"wp-block-kadence-column kadence-column_768a5e-36\"><div class=\"kt-inside-inner-col\"><style>.kadence-column_c36914-ef > .kt-inside-inner-col,.kadence-column_c36914-ef > .kt-inside-inner-col:before{border-top-left-radius:0px;border-top-right-radius:0px;border-bottom-right-radius:0px;border-bottom-left-radius:0px;}.kadence-column_c36914-ef > .kt-inside-inner-col:before{opacity:0.3;}.kadence-column_c36914-ef{position:relative;}<\/style>\n<div class=\"wp-block-kadence-column kadence-column_c36914-ef inner-column-1\"><div class=\"kt-inside-inner-col\">\n<h5 class=\"wp-block-heading has-text-align-center\">Dogoterapia<\/h5>\n\n\n<div class=\"wp-block-image\">\n<figure class=\"aligncenter size-large is-resized\"><img loading=\"lazy\" decoding=\"async\" src=\"https:\/\/zlobekbabypanda.pl\/wp-content\/uploads\/2023\/07\/IMG_1715-e1689946516672-1024x887.jpg\" alt=\"dziewczynka karmi psa\" class=\"wp-image-560\" width=\"234\" height=\"188\"\/><\/figure>\n<\/div><\/div><\/div>\n<\/div><\/div>\n\n<\/div><\/div>","protected":false},"excerpt":{"rendered":"<p>Sensoplastyka Zaj\u0119cia umuzykalniaj\u0105ce Muzyczna gimnastyka Zaj\u0119cia logicznego my\u015blenia Zaj\u0119cia logopedyczne Poznawanie \u015bwiata Eksperymenty Rozw\u00f3j motoryki ma\u0142ej Rozw\u00f3j motoryki du\u017cej J\u0119zyk angielski Gordonki Dogoterapia<\/p>\n","protected":false},"author":1,"featured_media":0,"parent":0,"menu_order":0,"comment_status":"closed","ping_status":"closed","template":"","meta":{"_kad_post_transparent":"","_kad_post_title":"","_kad_post_layout":"","_kad_post_sidebar_id":"","_kad_post_content_style":"","_kad_post_vertical_padding":"","_kad_post_feature":"","_kad_post_feature_position":"","_kad_post_header":false,"_kad_post_footer":false,"_kad_post_classname":"","footnotes":""},"class_list":["post-617","page","type-page","status-publish","hentry"],"_links":{"self":[{"href":"https:\/\/zlobekbabypanda.pl\/index.php?rest_route=\/wp\/v2\/pages\/617","targetHints":{"allow":["GET"]}}],"collection":[{"href":"https:\/\/zlobekbabypanda.pl\/index.php?rest_route=\/wp\/v2\/pages"}],"about":[{"href":"https:\/\/zlobekbabypanda.pl\/index.php?rest_route=\/wp\/v2\/types\/page"}],"author":[{"embeddable":true,"href":"https:\/\/zlobekbabypanda.pl\/index.php?rest_route=\/wp\/v2\/users\/1"}],"replies":[{"embeddable":true,"href":"https:\/\/zlobekbabypanda.pl\/index.php?rest_route=%2Fwp%2Fv2%2Fcomments&post=617"}],"version-history":[{"count":4,"href":"https:\/\/zlobekbabypanda.pl\/index.php?rest_route=\/wp\/v2\/pages\/617\/revisions"}],"predecessor-version":[{"id":776,"href":"https:\/\/zlobekbabypanda.pl\/index.php?rest_route=\/wp\/v2\/pages\/617\/revisions\/776"}],"wp:attachment":[{"href":"https:\/\/zlobekbabypanda.pl\/index.php?rest_route=%2Fwp%2Fv2%2Fmedia&parent=617"}],"curies":[{"name":"wp","href":"https:\/\/api.w.org\/{rel}","templated":true}]}}