{"id":632,"date":"2023-07-21T14:22:02","date_gmt":"2023-07-21T12:22:02","guid":{"rendered":"https:\/\/zlobekbabypanda.pl\/?page_id=632"},"modified":"2023-07-21T14:22:02","modified_gmt":"2023-07-21T12:22:02","slug":"zabawy-swobodne","status":"publish","type":"page","link":"https:\/\/zlobekbabypanda.pl\/?page_id=632","title":{"rendered":"zabawy swobodne"},"content":{"rendered":"<style>.kb-row-layout-id_5cd322-93 > .kt-row-column-wrap{align-content:center;}:where(.kb-row-layout-id_5cd322-93 > .kt-row-column-wrap) > .wp-block-kadence-column{justify-content:center;}.kb-row-layout-id_5cd322-93 > .kt-row-column-wrap{column-gap:var(--global-kb-gap-lg, 4rem);row-gap:var(--global-kb-gap-md, 2rem);max-width:var( --global-content-width, 1290px );padding-left:var(--global-content-edge-padding);padding-right:var(--global-content-edge-padding);padding-top:var(--global-kb-spacing-xl, 4rem);padding-bottom:var(--global-kb-spacing-xl, 4rem);grid-template-columns:minmax(0, 1fr);}.kb-row-layout-id_5cd322-93 > .kt-row-layout-overlay{opacity:0.30;background-color:var(--global-palette9, #ffffff);}.kb-row-layout-id_5cd322-93 ,.kb-row-layout-id_5cd322-93 h1,.kb-row-layout-id_5cd322-93 h2,.kb-row-layout-id_5cd322-93 h3,.kb-row-layout-id_5cd322-93 h4,.kb-row-layout-id_5cd322-93 h5,.kb-row-layout-id_5cd322-93 h6{color:var(--global-palette3, #1A202C);}.kb-row-layout-id_5cd322-93 a{color:var(--global-palette1, #3182CE);}.kb-row-layout-id_5cd322-93 a:hover{color:var(--global-palette2, #2B6CB0);}@media all and (max-width: 1024px){.kb-row-layout-id_5cd322-93 > .kt-row-column-wrap{column-gap:var(--global-kb-gap-md, 2rem);grid-template-columns:minmax(0, 1fr);}}@media all and (max-width: 767px){.kb-row-layout-id_5cd322-93 > .kt-row-column-wrap{grid-template-columns:minmax(0, 1fr);}}<\/style><div class=\"kb-row-layout-wrap kb-row-layout-id_5cd322-93 alignfull has-theme-palette9-background-color kt-row-has-bg wp-block-kadence-rowlayout\"><div class=\"kt-row-layout-overlay kt-row-overlay-normal\"><\/div><div class=\"kt-row-column-wrap kt-has-1-columns kt-row-layout-equal kt-tab-layout-inherit kt-mobile-layout-row kt-row-valign-middle kb-theme-content-width\">\n<style>.kadence-column_8e3f31-20 > .kt-inside-inner-col,.kadence-column_8e3f31-20 > .kt-inside-inner-col:before{border-top-left-radius:0px;border-top-right-radius:0px;border-bottom-right-radius:0px;border-bottom-left-radius:0px;}.kadence-column_8e3f31-20 > .kt-inside-inner-col:before{opacity:0.3;}.kadence-column_8e3f31-20{position:relative;}<\/style>\n<div class=\"wp-block-kadence-column kadence-column_8e3f31-20\"><div class=\"kt-inside-inner-col\"><style>.kb-row-layout-id_6b0800-c9 > .kt-row-column-wrap{align-content:start;}:where(.kb-row-layout-id_6b0800-c9 > .kt-row-column-wrap) > .wp-block-kadence-column{justify-content:start;}.kb-row-layout-id_6b0800-c9 > .kt-row-column-wrap{column-gap:var(--global-kb-gap-md, 2rem);row-gap:var(--global-kb-gap-md, 2rem);padding-top:var(--global-kb-spacing-sm, 1.5rem);padding-bottom:var(--global-kb-spacing-sm, 1.5rem);grid-template-columns:minmax(0, 60%) minmax(0, 40%);}.kb-row-layout-id_6b0800-c9 > .kt-row-layout-overlay{opacity:0.30;}@media all and (max-width: 1024px){.kb-row-layout-id_6b0800-c9 > .kt-row-column-wrap{grid-template-columns:repeat(2, minmax(0, 1fr));}}@media all and (max-width: 767px){.kb-row-layout-id_6b0800-c9 > .kt-row-column-wrap{grid-template-columns:minmax(0, 1fr);}}<\/style><div class=\"kb-row-layout-wrap kb-row-layout-id_6b0800-c9 alignnone has-theme-palette9-background-color kt-row-has-bg wp-block-kadence-rowlayout\"><div class=\"kt-row-column-wrap kt-has-2-columns kt-row-layout-left-golden kt-tab-layout-inherit kt-mobile-layout-row kt-row-valign-top\">\n<style>.kadence-column_c132b7-27 > .kt-inside-inner-col,.kadence-column_c132b7-27 > .kt-inside-inner-col:before{border-top-left-radius:0px;border-top-right-radius:0px;border-bottom-right-radius:0px;border-bottom-left-radius:0px;}.kadence-column_c132b7-27 > .kt-inside-inner-col:before{opacity:0.3;}.kadence-column_c132b7-27{position:relative;}<\/style>\n<div class=\"wp-block-kadence-column kadence-column_c132b7-27\"><div class=\"kt-inside-inner-col\">\n<h4 class=\"wp-block-heading\">Zabawy swobodne<\/h4>\n\n\n\n<p>Mimo wielu codziennych aktywno\u015bci, kt\u00f3re zapewniamy naszym podopiecznym, zawsze znajdujemy czas na zabaw\u0119 swobodn\u0105, poniewa\u017c wiemy jak wa\u017cnym jest ono narz\u0119dziem w procesie naturalnego rozwoju maluch\u00f3w. <\/p>\n\n\n\n<p>To przewidziany przez natur\u0119 spos\u00f3b, w jaki dzieci ucz\u0105 si\u0119, \u017ce nie s\u0105 bezradne.&nbsp;Bawi\u0105c si\u0119, zdobywaj\u0105 <strong>kontrol\u0119 nad swoim dzia\u0142aniem<\/strong> i \u0107wicz\u0105 si\u0119 w niej. Ucz\u0105 si\u0119 podejmowa\u0107 decyzje, rozwi\u0105zywa\u0107 problemy, tworzy\u0107 regu\u0142y i przestrzega\u0107 ich oraz traktowa\u0107 innych jak r\u00f3wnych sobie.<\/p>\n\n\n\n<p>W zabawie z innymi dzie\u0107mi ucz\u0105 si\u0119 negocjowa\u0107, sprawia\u0107 innym przyjemno\u015b\u0107 i kontrolowa\u0107 gniew w czasie konflikt\u00f3w.&nbsp;Wolna zabawa to tak\u017ce naturalny spos\u00f3b odkrywania swoich preferencji, wypr\u00f3bowywania r\u00f3\u017cnych czynno\u015bci, odkrywania w\u0142asnych talent\u00f3w i upodoba\u0144.<\/p>\n<\/div><\/div>\n\n\n<style>.kadence-column_7b86c0-7b > .kt-inside-inner-col,.kadence-column_7b86c0-7b > .kt-inside-inner-col:before{border-top-left-radius:0px;border-top-right-radius:0px;border-bottom-right-radius:0px;border-bottom-left-radius:0px;}.kadence-column_7b86c0-7b > .kt-inside-inner-col:before{opacity:0.3;}.kadence-column_7b86c0-7b{position:relative;}<\/style>\n<div class=\"wp-block-kadence-column kadence-column_7b86c0-7b\"><div class=\"kt-inside-inner-col\"><\/div><\/div>\n\n<\/div><\/div><\/div><\/div>\n\n<\/div><\/div>","protected":false},"excerpt":{"rendered":"<p>Zabawy swobodne Mimo wielu codziennych aktywno\u015bci, kt\u00f3re zapewniamy naszym podopiecznym, zawsze znajdujemy czas na zabaw\u0119 swobodn\u0105, poniewa\u017c wiemy jak wa\u017cnym jest ono narz\u0119dziem w procesie naturalnego rozwoju maluch\u00f3w. To przewidziany przez natur\u0119 spos\u00f3b, w jaki dzieci ucz\u0105 si\u0119, \u017ce nie s\u0105 bezradne.&nbsp;Bawi\u0105c si\u0119, zdobywaj\u0105 kontrol\u0119 nad swoim dzia\u0142aniem i \u0107wicz\u0105 si\u0119 w niej. Ucz\u0105 si\u0119&#8230;<\/p>\n","protected":false},"author":1,"featured_media":0,"parent":0,"menu_order":0,"comment_status":"closed","ping_status":"closed","template":"","meta":{"_kad_post_transparent":"","_kad_post_title":"","_kad_post_layout":"","_kad_post_sidebar_id":"","_kad_post_content_style":"","_kad_post_vertical_padding":"","_kad_post_feature":"","_kad_post_feature_position":"","_kad_post_header":false,"_kad_post_footer":false,"_kad_post_classname":"","footnotes":""},"class_list":["post-632","page","type-page","status-publish","hentry"],"_links":{"self":[{"href":"https:\/\/zlobekbabypanda.pl\/index.php?rest_route=\/wp\/v2\/pages\/632","targetHints":{"allow":["GET"]}}],"collection":[{"href":"https:\/\/zlobekbabypanda.pl\/index.php?rest_route=\/wp\/v2\/pages"}],"about":[{"href":"https:\/\/zlobekbabypanda.pl\/index.php?rest_route=\/wp\/v2\/types\/page"}],"author":[{"embeddable":true,"href":"https:\/\/zlobekbabypanda.pl\/index.php?rest_route=\/wp\/v2\/users\/1"}],"replies":[{"embeddable":true,"href":"https:\/\/zlobekbabypanda.pl\/index.php?rest_route=%2Fwp%2Fv2%2Fcomments&post=632"}],"version-history":[{"count":2,"href":"https:\/\/zlobekbabypanda.pl\/index.php?rest_route=\/wp\/v2\/pages\/632\/revisions"}],"predecessor-version":[{"id":804,"href":"https:\/\/zlobekbabypanda.pl\/index.php?rest_route=\/wp\/v2\/pages\/632\/revisions\/804"}],"wp:attachment":[{"href":"https:\/\/zlobekbabypanda.pl\/index.php?rest_route=%2Fwp%2Fv2%2Fmedia&parent=632"}],"curies":[{"name":"wp","href":"https:\/\/api.w.org\/{rel}","templated":true}]}}