{"id":634,"date":"2023-07-21T14:23:02","date_gmt":"2023-07-21T12:23:02","guid":{"rendered":"https:\/\/zlobekbabypanda.pl\/?page_id=634"},"modified":"2023-07-25T13:09:13","modified_gmt":"2023-07-25T11:09:13","slug":"spacery","status":"publish","type":"page","link":"https:\/\/zlobekbabypanda.pl\/?page_id=634","title":{"rendered":"spacery"},"content":{"rendered":"<style>.kb-row-layout-id_d6e58c-42 > .kt-row-column-wrap{align-content:start;}:where(.kb-row-layout-id_d6e58c-42 > .kt-row-column-wrap) > .wp-block-kadence-column{justify-content:start;}.kb-row-layout-id_d6e58c-42 > .kt-row-column-wrap{column-gap:var(--global-kb-gap-md, 2rem);row-gap:var(--global-kb-gap-md, 2rem);max-width:var( --global-content-width, 1290px );padding-left:var(--global-content-edge-padding);padding-right:var(--global-content-edge-padding);padding-top:125px;padding-bottom:40px;grid-template-columns:minmax(0, 1fr);}.kb-row-layout-id_d6e58c-42 > .kt-row-layout-overlay{opacity:0.30;}.kb-row-layout-id_d6e58c-42 .kt-row-layout-bottom-sep{height:100px;}.kb-row-layout-id_d6e58c-42 .kt-row-layout-bottom-sep svg{width:100%;}.kb-row-layout-id_d6e58c-42 .kt-row-layout-bottom-sep svg{fill:#ffffff!important;}.kb-row-layout-id_d6e58c-42 .kt-row-layout-top-sep{height:100px;}.kb-row-layout-id_d6e58c-42 .kt-row-layout-top-sep svg{fill:#ffffff!important;}@media all and (max-width: 1024px){.kb-row-layout-id_d6e58c-42 > .kt-row-column-wrap{grid-template-columns:minmax(0, 1fr);}}@media all and (max-width: 1024px){.kb-row-layout-id_d6e58c-42 .kt-row-layout-bottom-sep{height:px;}}@media all and (max-width: 1024px){.kb-row-layout-id_d6e58c-42 .kt-row-layout-bottom-sep svg{width:%;}}@media all and (max-width: 767px){.kb-row-layout-id_d6e58c-42 > .kt-row-column-wrap{grid-template-columns:minmax(0, 1fr);}.kb-row-layout-id_d6e58c-42 .kt-row-layout-bottom-sep{height:px;}.kb-row-layout-id_d6e58c-42 .kt-row-layout-bottom-sep svg{width:%;}}<\/style><div class=\"kb-row-layout-wrap kb-row-layout-id_d6e58c-42 alignnone has-theme-palette8-background-color kt-row-has-bg wp-block-kadence-rowlayout\"><div class=\"kt-row-layout-top-sep kt-row-sep-type-wavesi\"><svg viewBox=\"0 0 1000 100\" preserveAspectRatio=\"none\"><path d=\"M0,40c0,0 120.077,-38.076 250,-38c129.923,0.076 345.105,78 500,78c154.895,0 250,-30 250,-30l0,50l-1000,0l0,-60Z\" \/><path d=\"M0,40c0,0 120.077,-38.076 250,-38c129.923,0.076 345.105,73 500,73c154.895,0 250,-45 250,-45l0,70l-1000,0l0,-60Z\" style=\"opacity: 0.4\" \/><path d=\"M0,40c0,0 120.077,-38.076 250,-38c129.923,0.076 345.105,68 500,68c154.895,0 250,-65 250,-65l0,95l-1000,0l0,-60Z\" style=\"opacity: 0.4\" \/><\/svg><\/div><div class=\"kt-row-column-wrap kt-has-1-columns kt-row-layout-equal kt-tab-layout-inherit kt-mobile-layout-row kt-row-valign-top kb-theme-content-width\">\n<style>.kadence-column_181455-83 > .kt-inside-inner-col,.kadence-column_181455-83 > .kt-inside-inner-col:before{border-top-left-radius:0px;border-top-right-radius:0px;border-bottom-right-radius:0px;border-bottom-left-radius:0px;}.kadence-column_181455-83 > .kt-inside-inner-col:before{opacity:0.3;}.kadence-column_181455-83{position:relative;}<\/style>\n<div class=\"wp-block-kadence-column kadence-column_181455-83 inner-column-1\"><div class=\"kt-inside-inner-col\"><\/div><\/div>\n\n<\/div><\/div>\n\n<style>.kb-row-layout-id_0d8b88-3e > .kt-row-column-wrap{align-content:center;}:where(.kb-row-layout-id_0d8b88-3e > .kt-row-column-wrap) > .wp-block-kadence-column{justify-content:center;}.kb-row-layout-id_0d8b88-3e > .kt-row-column-wrap{column-gap:var(--global-kb-gap-lg, 4rem);row-gap:var(--global-kb-gap-md, 2rem);max-width:var( --global-content-width, 1290px );padding-left:var(--global-content-edge-padding);padding-right:var(--global-content-edge-padding);padding-bottom:var(--global-kb-spacing-xl, 4rem);grid-template-columns:minmax(0, 1fr);}.kb-row-layout-id_0d8b88-3e > .kt-row-layout-overlay{opacity:0.30;}.kb-row-layout-id_0d8b88-3e ,.kb-row-layout-id_0d8b88-3e h1,.kb-row-layout-id_0d8b88-3e h2,.kb-row-layout-id_0d8b88-3e h3,.kb-row-layout-id_0d8b88-3e h4,.kb-row-layout-id_0d8b88-3e h5,.kb-row-layout-id_0d8b88-3e h6{color:var(--global-palette3, #1A202C);}.kb-row-layout-id_0d8b88-3e a{color:var(--global-palette1, #3182CE);}.kb-row-layout-id_0d8b88-3e a:hover{color:var(--global-palette2, #2B6CB0);}.kb-row-layout-id_0d8b88-3e .kt-row-layout-bottom-sep{height:100px;}.kb-row-layout-id_0d8b88-3e .kt-row-layout-bottom-sep svg{width:100%;}.kb-row-layout-id_0d8b88-3e .kt-row-layout-bottom-sep svg{fill:var(--global-palette9, #ffffff)!important;}.kb-row-layout-id_0d8b88-3e .kt-row-layout-top-sep{height:100px;}.kb-row-layout-id_0d8b88-3e .kt-row-layout-top-sep svg{fill:var(--global-palette9, #ffffff)!important;}@media all and (max-width: 1024px){.kb-row-layout-id_0d8b88-3e > .kt-row-column-wrap{column-gap:var(--global-kb-gap-md, 2rem);grid-template-columns:minmax(0, 1fr);}}@media all and (max-width: 1024px){.kb-row-layout-id_0d8b88-3e .kt-row-layout-bottom-sep{height:px;}}@media all and (max-width: 1024px){.kb-row-layout-id_0d8b88-3e .kt-row-layout-bottom-sep svg{width:%;}}@media all and (max-width: 767px){.kb-row-layout-id_0d8b88-3e > .kt-row-column-wrap{grid-template-columns:minmax(0, 1fr);}.kb-row-layout-id_0d8b88-3e .kt-row-layout-bottom-sep{height:px;}.kb-row-layout-id_0d8b88-3e .kt-row-layout-bottom-sep svg{width:%;}}<\/style><div class=\"kb-row-layout-wrap kb-row-layout-id_0d8b88-3e alignfull has-theme-palette8-background-color kt-row-has-bg wp-block-kadence-rowlayout\"><div class=\"kt-row-layout-bottom-sep kt-row-sep-type-crvri\"><svg viewBox=\"0 0 1000 100\" preserveAspectRatio=\"none\"><path d=\"M1000,0c0,0 -120.987,98 -350,98c-229.013,0 -650,-98 -650,-98l0,100l1000,0l0,-100Z\" \/><\/svg><\/div><div class=\"kt-row-column-wrap kt-has-1-columns kt-row-layout-equal kt-tab-layout-inherit kt-mobile-layout-row kt-row-valign-middle kb-theme-content-width\">\n<style>.kadence-column_6b540c-66 > .kt-inside-inner-col,.kadence-column_6b540c-66 > .kt-inside-inner-col:before{border-top-left-radius:0px;border-top-right-radius:0px;border-bottom-right-radius:0px;border-bottom-left-radius:0px;}.kadence-column_6b540c-66 > .kt-inside-inner-col:before{opacity:0.3;}.kadence-column_6b540c-66{position:relative;}<\/style>\n<div class=\"wp-block-kadence-column kadence-column_6b540c-66\"><div class=\"kt-inside-inner-col\"><style>.kb-row-layout-id_ef365b-7d > .kt-row-column-wrap{align-content:start;}:where(.kb-row-layout-id_ef365b-7d > .kt-row-column-wrap) > .wp-block-kadence-column{justify-content:start;}.kb-row-layout-id_ef365b-7d > .kt-row-column-wrap{column-gap:var(--global-kb-gap-md, 2rem);row-gap:var(--global-kb-gap-md, 2rem);padding-top:var(--global-kb-spacing-sm, 1.5rem);grid-template-columns:minmax(0, 40%) minmax(0, 60%);}.kb-row-layout-id_ef365b-7d > .kt-row-layout-overlay{opacity:0.30;}.kb-row-layout-id_ef365b-7d .kt-row-layout-bottom-sep{height:100px;}.kb-row-layout-id_ef365b-7d .kt-row-layout-bottom-sep svg{width:100%;}.kb-row-layout-id_ef365b-7d .kt-row-layout-bottom-sep svg{fill:#ffffff!important;}@media all and (max-width: 1024px){.kb-row-layout-id_ef365b-7d > .kt-row-column-wrap{grid-template-columns:repeat(2, minmax(0, 1fr));}}@media all and (max-width: 1024px){.kb-row-layout-id_ef365b-7d .kt-row-layout-bottom-sep{height:px;}}@media all and (max-width: 1024px){.kb-row-layout-id_ef365b-7d .kt-row-layout-bottom-sep svg{width:%;}}@media all and (max-width: 767px){.kb-row-layout-id_ef365b-7d > .kt-row-column-wrap{grid-template-columns:minmax(0, 1fr);}.kb-row-layout-id_ef365b-7d .kt-row-layout-bottom-sep{height:px;}.kb-row-layout-id_ef365b-7d .kt-row-layout-bottom-sep svg{width:%;}}<\/style><div class=\"kb-row-layout-wrap kb-row-layout-id_ef365b-7d alignnone wp-block-kadence-rowlayout\"><div class=\"kt-row-column-wrap kt-has-2-columns kt-row-layout-left-golden kt-tab-layout-inherit kt-mobile-layout-row kt-row-valign-top\">\n<style>.kadence-column_34d197-c6 > .kt-inside-inner-col,.kadence-column_34d197-c6 > .kt-inside-inner-col:before{border-top-left-radius:0px;border-top-right-radius:0px;border-bottom-right-radius:0px;border-bottom-left-radius:0px;}.kadence-column_34d197-c6 > .kt-inside-inner-col:before{opacity:0.3;}.kadence-column_34d197-c6{position:relative;}<\/style>\n<div class=\"wp-block-kadence-column kadence-column_34d197-c6\"><div class=\"kt-inside-inner-col\"><div class=\"wp-block-image\">\n<figure class=\"aligncenter size-large is-resized\"><img loading=\"lazy\" decoding=\"async\" src=\"https:\/\/zlobekbabypanda.pl\/wp-content\/uploads\/2023\/07\/IMG_1719-768x1024.jpg\" alt=\"zabawa w piaskownicy\" class=\"wp-image-564\" width=\"275\" height=\"366\" srcset=\"https:\/\/zlobekbabypanda.pl\/wp-content\/uploads\/2023\/07\/IMG_1719-768x1024.jpg 768w, https:\/\/zlobekbabypanda.pl\/wp-content\/uploads\/2023\/07\/IMG_1719-225x300.jpg 225w, https:\/\/zlobekbabypanda.pl\/wp-content\/uploads\/2023\/07\/IMG_1719-1152x1536.jpg 1152w, https:\/\/zlobekbabypanda.pl\/wp-content\/uploads\/2023\/07\/IMG_1719.jpg 1440w\" sizes=\"auto, (max-width: 275px) 100vw, 275px\" \/><\/figure>\n<\/div><\/div><\/div>\n\n\n<style>.kadence-column_c224aa-48 > .kt-inside-inner-col,.kadence-column_c224aa-48 > .kt-inside-inner-col:before{border-top-left-radius:0px;border-top-right-radius:0px;border-bottom-right-radius:0px;border-bottom-left-radius:0px;}.kadence-column_c224aa-48 > .kt-inside-inner-col{justify-content:center;flex-direction:column;display:flex;}.kadence-column_c224aa-48 > .kt-inside-inner-col > .aligncenter{width:100%;}.kt-row-column-wrap > .kadence-column_c224aa-48{align-self:center;}.kt-inner-column-height-full:not(.kt-has-1-columns) > .wp-block-kadence-column.kadence-column_c224aa-48{align-self:auto;}.kt-inner-column-height-full:not(.kt-has-1-columns) > .wp-block-kadence-column.kadence-column_c224aa-48 > .kt-inside-inner-col{display:flex;flex-direction:column;justify-content:center;}.kadence-column_c224aa-48 > .kt-inside-inner-col:before{opacity:0.3;}.kadence-column_c224aa-48{position:relative;}<\/style>\n<div class=\"wp-block-kadence-column kadence-column_c224aa-48\"><div class=\"kt-inside-inner-col\">\n<h4 class=\"wp-block-heading\">Spacery<\/h4>\n\n\n\n<p>Codziennie sp\u0119dzamy czas na \u015bwie\u017cym powietrzu. <\/p>\n\n\n\n<p>Na spacery wychodzimy z 6-osobowym w\u00f3zkiem dla najm\u0142odszych oraz &#8222;w\u0119\u017cem&#8221; dla starszych dzieciak\u00f3w. Podczas naszych aktywno\u015bci <br>na zewn\u0105trz dajemy podopiecznym du\u017co swobody, jednocze\u015bnie zachowuj\u0105c zasady bezpiecze\u0144stwa.<\/p>\n\n\n\n<p>W miar\u0119 mo\u017cliwo\u015bci pogodowych korzystamy z placu zabaw na terenie naszego osiedla b\u0105d\u017a sp\u0119dzamy czas na spacerach w zielonej okolicy.<br><\/p>\n<\/div><\/div>\n\n<\/div><\/div><\/div><\/div>\n\n<\/div><\/div>","protected":false},"excerpt":{"rendered":"<p>Spacery Codziennie sp\u0119dzamy czas na \u015bwie\u017cym powietrzu. Na spacery wychodzimy z 6-osobowym w\u00f3zkiem dla najm\u0142odszych oraz &#8222;w\u0119\u017cem&#8221; dla starszych dzieciak\u00f3w. Podczas naszych aktywno\u015bci na zewn\u0105trz dajemy podopiecznym du\u017co swobody, jednocze\u015bnie zachowuj\u0105c zasady bezpiecze\u0144stwa. W miar\u0119 mo\u017cliwo\u015bci pogodowych korzystamy z placu zabaw na terenie naszego osiedla b\u0105d\u017a sp\u0119dzamy czas na spacerach w zielonej okolicy.<\/p>\n","protected":false},"author":1,"featured_media":0,"parent":0,"menu_order":0,"comment_status":"closed","ping_status":"closed","template":"","meta":{"_kad_post_transparent":"","_kad_post_title":"","_kad_post_layout":"","_kad_post_sidebar_id":"","_kad_post_content_style":"","_kad_post_vertical_padding":"","_kad_post_feature":"","_kad_post_feature_position":"","_kad_post_header":false,"_kad_post_footer":false,"_kad_post_classname":"","footnotes":""},"class_list":["post-634","page","type-page","status-publish","hentry"],"_links":{"self":[{"href":"https:\/\/zlobekbabypanda.pl\/index.php?rest_route=\/wp\/v2\/pages\/634","targetHints":{"allow":["GET"]}}],"collection":[{"href":"https:\/\/zlobekbabypanda.pl\/index.php?rest_route=\/wp\/v2\/pages"}],"about":[{"href":"https:\/\/zlobekbabypanda.pl\/index.php?rest_route=\/wp\/v2\/types\/page"}],"author":[{"embeddable":true,"href":"https:\/\/zlobekbabypanda.pl\/index.php?rest_route=\/wp\/v2\/users\/1"}],"replies":[{"embeddable":true,"href":"https:\/\/zlobekbabypanda.pl\/index.php?rest_route=%2Fwp%2Fv2%2Fcomments&post=634"}],"version-history":[{"count":5,"href":"https:\/\/zlobekbabypanda.pl\/index.php?rest_route=\/wp\/v2\/pages\/634\/revisions"}],"predecessor-version":[{"id":803,"href":"https:\/\/zlobekbabypanda.pl\/index.php?rest_route=\/wp\/v2\/pages\/634\/revisions\/803"}],"wp:attachment":[{"href":"https:\/\/zlobekbabypanda.pl\/index.php?rest_route=%2Fwp%2Fv2%2Fmedia&parent=634"}],"curies":[{"name":"wp","href":"https:\/\/api.w.org\/{rel}","templated":true}]}}