{"id":636,"date":"2023-07-21T14:24:17","date_gmt":"2023-07-21T12:24:17","guid":{"rendered":"https:\/\/zlobekbabypanda.pl\/?page_id=636"},"modified":"2023-07-25T13:08:50","modified_gmt":"2023-07-25T11:08:50","slug":"samodzielnosc","status":"publish","type":"page","link":"https:\/\/zlobekbabypanda.pl\/?page_id=636","title":{"rendered":"samodzielno\u015b\u0107"},"content":{"rendered":"<style>.kb-row-layout-id_e7400d-f6 > .kt-row-column-wrap{align-content:center;}:where(.kb-row-layout-id_e7400d-f6 > .kt-row-column-wrap) > .wp-block-kadence-column{justify-content:center;}.kb-row-layout-id_e7400d-f6 > .kt-row-column-wrap{column-gap:var(--global-kb-gap-lg, 4rem);row-gap:var(--global-kb-gap-md, 2rem);max-width:var( --global-content-width, 1290px );padding-left:var(--global-content-edge-padding);padding-right:var(--global-content-edge-padding);padding-top:var(--global-kb-spacing-4xl, 8rem);padding-bottom:var(--global-kb-spacing-4xl, 8rem);grid-template-columns:minmax(0, 1fr);}.kb-row-layout-id_e7400d-f6 > .kt-row-layout-overlay{opacity:0.30;}.kb-row-layout-id_e7400d-f6 ,.kb-row-layout-id_e7400d-f6 h1,.kb-row-layout-id_e7400d-f6 h2,.kb-row-layout-id_e7400d-f6 h3,.kb-row-layout-id_e7400d-f6 h4,.kb-row-layout-id_e7400d-f6 h5,.kb-row-layout-id_e7400d-f6 h6{color:var(--global-palette3, #1A202C);}.kb-row-layout-id_e7400d-f6 a{color:var(--global-palette1, #3182CE);}.kb-row-layout-id_e7400d-f6 a:hover{color:var(--global-palette2, #2B6CB0);}.kb-row-layout-id_e7400d-f6 .kt-row-layout-bottom-sep{height:100px;}.kb-row-layout-id_e7400d-f6 .kt-row-layout-bottom-sep svg{width:100%;}.kb-row-layout-id_e7400d-f6 .kt-row-layout-bottom-sep svg{fill:var(--global-palette9, #ffffff)!important;}.kb-row-layout-id_e7400d-f6 .kt-row-layout-top-sep{height:100px;}.kb-row-layout-id_e7400d-f6 .kt-row-layout-top-sep svg{fill:var(--global-palette9, #ffffff)!important;}@media all and (max-width: 1024px){.kb-row-layout-id_e7400d-f6 > .kt-row-column-wrap{column-gap:var(--global-kb-gap-md, 2rem);grid-template-columns:minmax(0, 1fr);}}@media all and (max-width: 1024px){.kb-row-layout-id_e7400d-f6 .kt-row-layout-bottom-sep{height:px;}}@media all and (max-width: 1024px){.kb-row-layout-id_e7400d-f6 .kt-row-layout-bottom-sep svg{width:%;}}@media all and (max-width: 767px){.kb-row-layout-id_e7400d-f6 > .kt-row-column-wrap{grid-template-columns:minmax(0, 1fr);}.kb-row-layout-id_e7400d-f6 .kt-row-layout-bottom-sep{height:px;}.kb-row-layout-id_e7400d-f6 .kt-row-layout-bottom-sep svg{width:%;}}<\/style><div class=\"kb-row-layout-wrap kb-row-layout-id_e7400d-f6 alignfull has-theme-palette8-background-color kt-row-has-bg wp-block-kadence-rowlayout\"><div class=\"kt-row-layout-top-sep kt-row-sep-type-wavesi\"><svg viewBox=\"0 0 1000 100\" preserveAspectRatio=\"none\"><path d=\"M0,40c0,0 120.077,-38.076 250,-38c129.923,0.076 345.105,78 500,78c154.895,0 250,-30 250,-30l0,50l-1000,0l0,-60Z\" \/><path d=\"M0,40c0,0 120.077,-38.076 250,-38c129.923,0.076 345.105,73 500,73c154.895,0 250,-45 250,-45l0,70l-1000,0l0,-60Z\" style=\"opacity: 0.4\" \/><path d=\"M0,40c0,0 120.077,-38.076 250,-38c129.923,0.076 345.105,68 500,68c154.895,0 250,-65 250,-65l0,95l-1000,0l0,-60Z\" style=\"opacity: 0.4\" \/><\/svg><\/div><div class=\"kt-row-layout-bottom-sep kt-row-sep-type-crvri\"><svg viewBox=\"0 0 1000 100\" preserveAspectRatio=\"none\"><path d=\"M1000,0c0,0 -120.987,98 -350,98c-229.013,0 -650,-98 -650,-98l0,100l1000,0l0,-100Z\" \/><\/svg><\/div><div class=\"kt-row-column-wrap kt-has-1-columns kt-row-layout-equal kt-tab-layout-inherit kt-mobile-layout-row kt-row-valign-middle kb-theme-content-width\">\n<style>.kadence-column_bc8cb8-e2 > .kt-inside-inner-col,.kadence-column_bc8cb8-e2 > .kt-inside-inner-col:before{border-top-left-radius:0px;border-top-right-radius:0px;border-bottom-right-radius:0px;border-bottom-left-radius:0px;}.kadence-column_bc8cb8-e2 > .kt-inside-inner-col:before{opacity:0.3;}.kadence-column_bc8cb8-e2{position:relative;}<\/style>\n<div class=\"wp-block-kadence-column kadence-column_bc8cb8-e2\"><div class=\"kt-inside-inner-col\"><style>.kb-row-layout-id_e41bec-86 > .kt-row-column-wrap{align-content:start;}:where(.kb-row-layout-id_e41bec-86 > .kt-row-column-wrap) > .wp-block-kadence-column{justify-content:start;}.kb-row-layout-id_e41bec-86 > .kt-row-column-wrap{column-gap:var(--global-kb-gap-md, 2rem);row-gap:var(--global-kb-gap-md, 2rem);padding-top:var(--global-kb-spacing-sm, 1.5rem);padding-bottom:var(--global-kb-spacing-sm, 1.5rem);grid-template-columns:minmax(0, 40%) minmax(0, 60%);}.kb-row-layout-id_e41bec-86 > .kt-row-layout-overlay{opacity:0.30;}@media all and (max-width: 1024px){.kb-row-layout-id_e41bec-86 > .kt-row-column-wrap{grid-template-columns:repeat(2, minmax(0, 1fr));}}@media all and (max-width: 767px){.kb-row-layout-id_e41bec-86 > .kt-row-column-wrap{grid-template-columns:minmax(0, 1fr);}}<\/style><div class=\"kb-row-layout-wrap kb-row-layout-id_e41bec-86 alignnone wp-block-kadence-rowlayout\"><div class=\"kt-row-column-wrap kt-has-2-columns kt-row-layout-left-golden kt-tab-layout-inherit kt-mobile-layout-row kt-row-valign-top\">\n<style>.kadence-column_305d01-b2 > .kt-inside-inner-col,.kadence-column_305d01-b2 > .kt-inside-inner-col:before{border-top-left-radius:0px;border-top-right-radius:0px;border-bottom-right-radius:0px;border-bottom-left-radius:0px;}.kadence-column_305d01-b2 > .kt-inside-inner-col:before{opacity:0.3;}.kadence-column_305d01-b2{position:relative;}<\/style>\n<div class=\"wp-block-kadence-column kadence-column_305d01-b2\"><div class=\"kt-inside-inner-col\"><\/div><\/div>\n\n\n<style>.kadence-column_57ba8f-1d > .kt-inside-inner-col,.kadence-column_57ba8f-1d > .kt-inside-inner-col:before{border-top-left-radius:0px;border-top-right-radius:0px;border-bottom-right-radius:0px;border-bottom-left-radius:0px;}.kadence-column_57ba8f-1d > .kt-inside-inner-col{justify-content:center;flex-direction:column;display:flex;}.kadence-column_57ba8f-1d > .kt-inside-inner-col > .aligncenter{width:100%;}.kt-row-column-wrap > .kadence-column_57ba8f-1d{align-self:center;}.kt-inner-column-height-full:not(.kt-has-1-columns) > .wp-block-kadence-column.kadence-column_57ba8f-1d{align-self:auto;}.kt-inner-column-height-full:not(.kt-has-1-columns) > .wp-block-kadence-column.kadence-column_57ba8f-1d > .kt-inside-inner-col{display:flex;flex-direction:column;justify-content:center;}.kadence-column_57ba8f-1d > .kt-inside-inner-col:before{opacity:0.3;}.kadence-column_57ba8f-1d{position:relative;}<\/style>\n<div class=\"wp-block-kadence-column kadence-column_57ba8f-1d\"><div class=\"kt-inside-inner-col\">\n<h4 class=\"wp-block-heading\">Samodzielno\u015b\u0107<\/h4>\n\n\n\n<p>Pozwalamy naszym podopiecznym na samodzielne jedzenie, mycie czy ubieranie si\u0119. Dzieciaki ch\u0119tnie korzystaj\u0105 z tej mo\u017cliwo\u015bci i bardzo szybko nabieraj\u0105 wprawy w codziennych czynno\u015bciach. Rozw\u00f3j tych podstawowych umiej\u0119tno\u015bci, bardzo pozytywnie wp\u0142ywa na ca\u0142o\u015bciowy post\u0119p maluszk\u00f3w.<\/p>\n<\/div><\/div>\n\n<\/div><\/div><\/div><\/div>\n\n<\/div><\/div>","protected":false},"excerpt":{"rendered":"<p>Samodzielno\u015b\u0107 Pozwalamy naszym podopiecznym na samodzielne jedzenie, mycie czy ubieranie si\u0119. Dzieciaki ch\u0119tnie korzystaj\u0105 z tej mo\u017cliwo\u015bci i bardzo szybko nabieraj\u0105 wprawy w codziennych czynno\u015bciach. Rozw\u00f3j tych podstawowych umiej\u0119tno\u015bci, bardzo pozytywnie wp\u0142ywa na ca\u0142o\u015bciowy post\u0119p maluszk\u00f3w.<\/p>\n","protected":false},"author":1,"featured_media":0,"parent":0,"menu_order":0,"comment_status":"closed","ping_status":"closed","template":"","meta":{"_kad_post_transparent":"","_kad_post_title":"","_kad_post_layout":"","_kad_post_sidebar_id":"","_kad_post_content_style":"","_kad_post_vertical_padding":"","_kad_post_feature":"","_kad_post_feature_position":"","_kad_post_header":false,"_kad_post_footer":false,"_kad_post_classname":"","footnotes":""},"class_list":["post-636","page","type-page","status-publish","hentry"],"_links":{"self":[{"href":"https:\/\/zlobekbabypanda.pl\/index.php?rest_route=\/wp\/v2\/pages\/636","targetHints":{"allow":["GET"]}}],"collection":[{"href":"https:\/\/zlobekbabypanda.pl\/index.php?rest_route=\/wp\/v2\/pages"}],"about":[{"href":"https:\/\/zlobekbabypanda.pl\/index.php?rest_route=\/wp\/v2\/types\/page"}],"author":[{"embeddable":true,"href":"https:\/\/zlobekbabypanda.pl\/index.php?rest_route=\/wp\/v2\/users\/1"}],"replies":[{"embeddable":true,"href":"https:\/\/zlobekbabypanda.pl\/index.php?rest_route=%2Fwp%2Fv2%2Fcomments&post=636"}],"version-history":[{"count":2,"href":"https:\/\/zlobekbabypanda.pl\/index.php?rest_route=\/wp\/v2\/pages\/636\/revisions"}],"predecessor-version":[{"id":831,"href":"https:\/\/zlobekbabypanda.pl\/index.php?rest_route=\/wp\/v2\/pages\/636\/revisions\/831"}],"wp:attachment":[{"href":"https:\/\/zlobekbabypanda.pl\/index.php?rest_route=%2Fwp%2Fv2%2Fmedia&parent=636"}],"curies":[{"name":"wp","href":"https:\/\/api.w.org\/{rel}","templated":true}]}}