{"id":638,"date":"2023-07-21T14:24:57","date_gmt":"2023-07-21T12:24:57","guid":{"rendered":"https:\/\/zlobekbabypanda.pl\/?page_id=638"},"modified":"2023-07-21T14:24:57","modified_gmt":"2023-07-21T12:24:57","slug":"drzemki","status":"publish","type":"page","link":"https:\/\/zlobekbabypanda.pl\/?page_id=638","title":{"rendered":"drzemki"},"content":{"rendered":"<style>.kb-row-layout-id_beef1c-05 > .kt-row-column-wrap{align-content:center;}:where(.kb-row-layout-id_beef1c-05 > .kt-row-column-wrap) > .wp-block-kadence-column{justify-content:center;}.kb-row-layout-id_beef1c-05 > .kt-row-column-wrap{column-gap:var(--global-kb-gap-lg, 4rem);row-gap:var(--global-kb-gap-md, 2rem);max-width:var( --global-content-width, 1290px );padding-left:var(--global-content-edge-padding);padding-right:var(--global-content-edge-padding);padding-top:var(--global-kb-spacing-xl, 4rem);padding-bottom:var(--global-kb-spacing-xl, 4rem);grid-template-columns:minmax(0, 1fr);}.kb-row-layout-id_beef1c-05 > .kt-row-layout-overlay{opacity:0.30;background-color:var(--global-palette9, #ffffff);}.kb-row-layout-id_beef1c-05 ,.kb-row-layout-id_beef1c-05 h1,.kb-row-layout-id_beef1c-05 h2,.kb-row-layout-id_beef1c-05 h3,.kb-row-layout-id_beef1c-05 h4,.kb-row-layout-id_beef1c-05 h5,.kb-row-layout-id_beef1c-05 h6{color:var(--global-palette3, #1A202C);}.kb-row-layout-id_beef1c-05 a{color:var(--global-palette1, #3182CE);}.kb-row-layout-id_beef1c-05 a:hover{color:var(--global-palette2, #2B6CB0);}@media all and (max-width: 1024px){.kb-row-layout-id_beef1c-05 > .kt-row-column-wrap{column-gap:var(--global-kb-gap-md, 2rem);grid-template-columns:minmax(0, 1fr);}}@media all and (max-width: 767px){.kb-row-layout-id_beef1c-05 > .kt-row-column-wrap{grid-template-columns:minmax(0, 1fr);}}<\/style><div class=\"kb-row-layout-wrap kb-row-layout-id_beef1c-05 alignfull has-theme-palette9-background-color kt-row-has-bg wp-block-kadence-rowlayout\"><div class=\"kt-row-layout-overlay kt-row-overlay-normal\"><\/div><div class=\"kt-row-column-wrap kt-has-1-columns kt-row-layout-equal kt-tab-layout-inherit kt-mobile-layout-row kt-row-valign-middle kb-theme-content-width\">\n<style>.kadence-column_9c573d-f5 > .kt-inside-inner-col,.kadence-column_9c573d-f5 > .kt-inside-inner-col:before{border-top-left-radius:0px;border-top-right-radius:0px;border-bottom-right-radius:0px;border-bottom-left-radius:0px;}.kadence-column_9c573d-f5 > .kt-inside-inner-col:before{opacity:0.3;}.kadence-column_9c573d-f5{position:relative;}<\/style>\n<div class=\"wp-block-kadence-column kadence-column_9c573d-f5\"><div class=\"kt-inside-inner-col\"><style>.kb-row-layout-id_ca0c1f-46 > .kt-row-column-wrap{align-content:start;}:where(.kb-row-layout-id_ca0c1f-46 > .kt-row-column-wrap) > .wp-block-kadence-column{justify-content:start;}.kb-row-layout-id_ca0c1f-46 > .kt-row-column-wrap{column-gap:var(--global-kb-gap-md, 2rem);row-gap:var(--global-kb-gap-md, 2rem);padding-top:var(--global-kb-spacing-sm, 1.5rem);padding-bottom:var(--global-kb-spacing-sm, 1.5rem);grid-template-columns:minmax(0, 60%) minmax(0, 40%);}.kb-row-layout-id_ca0c1f-46 > .kt-row-layout-overlay{opacity:0.30;}@media all and (max-width: 1024px){.kb-row-layout-id_ca0c1f-46 > .kt-row-column-wrap{grid-template-columns:repeat(2, minmax(0, 1fr));}}@media all and (max-width: 767px){.kb-row-layout-id_ca0c1f-46 > .kt-row-column-wrap{grid-template-columns:minmax(0, 1fr);}}<\/style><div class=\"kb-row-layout-wrap kb-row-layout-id_ca0c1f-46 alignnone has-theme-palette9-background-color kt-row-has-bg wp-block-kadence-rowlayout\"><div class=\"kt-row-column-wrap kt-has-2-columns kt-row-layout-left-golden kt-tab-layout-inherit kt-mobile-layout-row kt-row-valign-top\">\n<style>.kadence-column_03574f-ca > .kt-inside-inner-col,.kadence-column_03574f-ca > .kt-inside-inner-col:before{border-top-left-radius:0px;border-top-right-radius:0px;border-bottom-right-radius:0px;border-bottom-left-radius:0px;}.kadence-column_03574f-ca > .kt-inside-inner-col:before{opacity:0.3;}.kadence-column_03574f-ca{position:relative;}<\/style>\n<div class=\"wp-block-kadence-column kadence-column_03574f-ca\"><div class=\"kt-inside-inner-col\">\n<h4 class=\"wp-block-heading\">Drzemki<\/h4>\n\n\n\n<p>Ka\u017cdy maluszek na pocz\u0105tku swojej drogi ze \u017c\u0142obkiem potrzebuje nieco innego sposobu zasypiania i w zwi\u0105zku z tym my t\u0119 metod\u0119 dopasowujemy do indywidualnych potrzeb. <\/p>\n\n\n\n<p>Czasem b\u0119dzie to ko\u0142ysanie, czasem noszenie na r\u0105czkach, a czasem zasypianie w w\u00f3zku.  Pocz\u0105tki bywaj\u0105 trudne, ale je\u015bli adaptacja poprowadzona jest w spos\u00f3b \u0142agodny, w ko\u0144cu udaje si\u0119 drzemki wprowadzi\u0107. <\/p>\n\n\n\n<p>Pocz\u0105tkowo sen w \u017c\u0142obku bywa nieco kr\u00f3tszy ni\u017c ten w warunkach domowych , ale z czasem udaje si\u0119 go wyd\u0142u\u017cy\u0107.<\/p>\n\n\n\n<p>Nie regulujemy czasu snu, wi\u0119c ka\u017cdy maluszek wstaje wtedy kiedy jest na to gotowy.<\/p>\n<\/div><\/div>\n\n\n<style>.kadence-column_436f26-8b > .kt-inside-inner-col,.kadence-column_436f26-8b > .kt-inside-inner-col:before{border-top-left-radius:0px;border-top-right-radius:0px;border-bottom-right-radius:0px;border-bottom-left-radius:0px;}.kadence-column_436f26-8b > .kt-inside-inner-col:before{opacity:0.3;}.kadence-column_436f26-8b{position:relative;}<\/style>\n<div class=\"wp-block-kadence-column kadence-column_436f26-8b\"><div class=\"kt-inside-inner-col\"><\/div><\/div>\n\n<\/div><\/div><\/div><\/div>\n\n<\/div><\/div>","protected":false},"excerpt":{"rendered":"<p>Drzemki Ka\u017cdy maluszek na pocz\u0105tku swojej drogi ze \u017c\u0142obkiem potrzebuje nieco innego sposobu zasypiania i w zwi\u0105zku z tym my t\u0119 metod\u0119 dopasowujemy do indywidualnych potrzeb. Czasem b\u0119dzie to ko\u0142ysanie, czasem noszenie na r\u0105czkach, a czasem zasypianie w w\u00f3zku. Pocz\u0105tki bywaj\u0105 trudne, ale je\u015bli adaptacja poprowadzona jest w spos\u00f3b \u0142agodny, w ko\u0144cu udaje si\u0119 drzemki&#8230;<\/p>\n","protected":false},"author":1,"featured_media":0,"parent":0,"menu_order":0,"comment_status":"closed","ping_status":"closed","template":"","meta":{"_kad_post_transparent":"","_kad_post_title":"","_kad_post_layout":"","_kad_post_sidebar_id":"","_kad_post_content_style":"","_kad_post_vertical_padding":"","_kad_post_feature":"","_kad_post_feature_position":"","_kad_post_header":false,"_kad_post_footer":false,"_kad_post_classname":"","footnotes":""},"class_list":["post-638","page","type-page","status-publish","hentry"],"_links":{"self":[{"href":"https:\/\/zlobekbabypanda.pl\/index.php?rest_route=\/wp\/v2\/pages\/638","targetHints":{"allow":["GET"]}}],"collection":[{"href":"https:\/\/zlobekbabypanda.pl\/index.php?rest_route=\/wp\/v2\/pages"}],"about":[{"href":"https:\/\/zlobekbabypanda.pl\/index.php?rest_route=\/wp\/v2\/types\/page"}],"author":[{"embeddable":true,"href":"https:\/\/zlobekbabypanda.pl\/index.php?rest_route=\/wp\/v2\/users\/1"}],"replies":[{"embeddable":true,"href":"https:\/\/zlobekbabypanda.pl\/index.php?rest_route=%2Fwp%2Fv2%2Fcomments&post=638"}],"version-history":[{"count":1,"href":"https:\/\/zlobekbabypanda.pl\/index.php?rest_route=\/wp\/v2\/pages\/638\/revisions"}],"predecessor-version":[{"id":639,"href":"https:\/\/zlobekbabypanda.pl\/index.php?rest_route=\/wp\/v2\/pages\/638\/revisions\/639"}],"wp:attachment":[{"href":"https:\/\/zlobekbabypanda.pl\/index.php?rest_route=%2Fwp%2Fv2%2Fmedia&parent=638"}],"curies":[{"name":"wp","href":"https:\/\/api.w.org\/{rel}","templated":true}]}}