{"id":696,"date":"2023-07-24T14:41:14","date_gmt":"2023-07-24T12:41:14","guid":{"rendered":"https:\/\/zlobekbabypanda.pl\/?page_id=696"},"modified":"2023-07-25T11:09:24","modified_gmt":"2023-07-25T09:09:24","slug":"specjalisci","status":"publish","type":"page","link":"https:\/\/zlobekbabypanda.pl\/?page_id=696","title":{"rendered":"specjali\u015bci"},"content":{"rendered":"<style>.kb-row-layout-id_3e4f62-f4 > .kt-row-column-wrap{align-content:start;}:where(.kb-row-layout-id_3e4f62-f4 > .kt-row-column-wrap) > .wp-block-kadence-column{justify-content:start;}.kb-row-layout-id_3e4f62-f4 > .kt-row-column-wrap{column-gap:var(--global-kb-gap-md, 2rem);row-gap:var(--global-kb-gap-md, 2rem);max-width:750px;margin-left:auto;margin-right:auto;padding-top:155px;padding-bottom:25px;grid-template-columns:minmax(0, 1fr);}.kb-row-layout-id_3e4f62-f4{background-color:#f5cac3;}.kb-row-layout-id_3e4f62-f4 > .kt-row-layout-overlay{opacity:0.30;background-color:#f28482;}.kb-row-layout-id_3e4f62-f4 .kt-row-layout-bottom-sep{height:100px;}.kb-row-layout-id_3e4f62-f4 .kt-row-layout-bottom-sep svg{width:100%;}.kb-row-layout-id_3e4f62-f4 .kt-row-layout-bottom-sep svg{fill:var(--global-palette7, #EDF2F7)!important;}.kb-row-layout-id_3e4f62-f4 .kt-row-layout-top-sep{height:100px;}.kb-row-layout-id_3e4f62-f4 .kt-row-layout-top-sep svg{fill:var(--global-palette9, #ffffff)!important;}@media all and (max-width: 1024px){.kb-row-layout-id_3e4f62-f4 > .kt-row-column-wrap{grid-template-columns:minmax(0, 1fr);}}@media all and (max-width: 1024px){.kb-row-layout-id_3e4f62-f4 .kt-row-layout-bottom-sep{height:px;}}@media all and (max-width: 1024px){.kb-row-layout-id_3e4f62-f4 .kt-row-layout-bottom-sep svg{width:%;}}@media all and (max-width: 767px){.kb-row-layout-id_3e4f62-f4 > .kt-row-column-wrap{grid-template-columns:minmax(0, 1fr);}.kb-row-layout-id_3e4f62-f4 .kt-row-layout-bottom-sep{height:px;}.kb-row-layout-id_3e4f62-f4 .kt-row-layout-bottom-sep svg{width:%;}}<\/style><div class=\"kb-row-layout-wrap kb-row-layout-id_3e4f62-f4 alignnone kt-row-has-bg wp-block-kadence-rowlayout\" id=\"specjali\u015bci\"><div class=\"kt-row-layout-overlay kt-row-overlay-normal\"><\/div><div class=\"kt-row-layout-top-sep kt-row-sep-type-wavesi\"><svg viewBox=\"0 0 1000 100\" preserveAspectRatio=\"none\"><path d=\"M0,40c0,0 120.077,-38.076 250,-38c129.923,0.076 345.105,78 500,78c154.895,0 250,-30 250,-30l0,50l-1000,0l0,-60Z\" \/><path d=\"M0,40c0,0 120.077,-38.076 250,-38c129.923,0.076 345.105,73 500,73c154.895,0 250,-45 250,-45l0,70l-1000,0l0,-60Z\" style=\"opacity: 0.4\" \/><path d=\"M0,40c0,0 120.077,-38.076 250,-38c129.923,0.076 345.105,68 500,68c154.895,0 250,-65 250,-65l0,95l-1000,0l0,-60Z\" style=\"opacity: 0.4\" \/><\/svg><\/div><div class=\"kt-row-column-wrap kt-has-1-columns kt-row-layout-equal kt-tab-layout-inherit kt-mobile-layout-row kt-row-valign-top\">\n<style>.kadence-column_7dfa53-30 > .kt-inside-inner-col,.kadence-column_7dfa53-30 > .kt-inside-inner-col:before{border-top-left-radius:0px;border-top-right-radius:0px;border-bottom-right-radius:0px;border-bottom-left-radius:0px;}.kadence-column_7dfa53-30 > .kt-inside-inner-col:before{opacity:0.3;}.kadence-column_7dfa53-30{position:relative;}<\/style>\n<div class=\"wp-block-kadence-column kadence-column_7dfa53-30 inner-column-1\"><div class=\"kt-inside-inner-col\"><style>.wp-block-kadence-advancedheading.kt-adv-heading_a4fd77-52, .wp-block-kadence-advancedheading.kt-adv-heading_a4fd77-52[data-kb-block=\"kb-adv-heading_a4fd77-52\"]{text-align:center;font-weight:400;font-style:normal;font-family:Poppins;}.wp-block-kadence-advancedheading.kt-adv-heading_a4fd77-52 mark, .wp-block-kadence-advancedheading.kt-adv-heading_a4fd77-52[data-kb-block=\"kb-adv-heading_a4fd77-52\"] mark{font-style:normal;color:#f76a0c;padding-top:0px;padding-right:0px;padding-bottom:0px;padding-left:0px;}<\/style>\n<h2 class=\"kt-adv-heading_a4fd77-52 wp-block-kadence-advancedheading has-theme-palette-2-color has-text-color\" data-kb-block=\"kb-adv-heading_a4fd77-52\"><strong>Specjali\u015bci<\/strong><\/h2>\n<\/div><\/div>\n\n<\/div><\/div>\n\n<style>.kb-row-layout-id_ea2c51-f3 > .kt-row-column-wrap{align-content:start;}:where(.kb-row-layout-id_ea2c51-f3 > .kt-row-column-wrap) > .wp-block-kadence-column{justify-content:start;}.kb-row-layout-id_ea2c51-f3 > .kt-row-column-wrap{column-gap:var(--global-kb-gap-md, 2rem);row-gap:var(--global-kb-gap-md, 2rem);max-width:1030px;margin-left:auto;margin-right:auto;padding-top:var(--global-kb-spacing-lg, 3rem);padding-bottom:var(--global-kb-spacing-xl, 4rem);grid-template-columns:repeat(2, minmax(0, 1fr));}.kb-row-layout-id_ea2c51-f3{background-color:rgba(242,132,130,0.59);}.kb-row-layout-id_ea2c51-f3 > .kt-row-layout-overlay{opacity:0.07;background-color:#f28482;}@media all and (max-width: 1024px){.kb-row-layout-id_ea2c51-f3 > .kt-row-column-wrap{grid-template-columns:repeat(2, minmax(0, 1fr));}}@media all and (max-width: 767px){.kb-row-layout-id_ea2c51-f3 > .kt-row-column-wrap{grid-template-columns:minmax(0, 1fr);}}<\/style><div class=\"kb-row-layout-wrap kb-row-layout-id_ea2c51-f3 alignnone kt-row-has-bg wp-block-kadence-rowlayout\"><div class=\"kt-row-layout-overlay kt-row-overlay-normal\"><\/div><div class=\"kt-row-column-wrap kt-has-2-columns kt-row-layout-equal kt-tab-layout-inherit kt-mobile-layout-row kt-row-valign-top\">\n<style>.kadence-column_be9f56-30 > .kt-inside-inner-col,.kadence-column_be9f56-30 > .kt-inside-inner-col:before{border-top-left-radius:0px;border-top-right-radius:0px;border-bottom-right-radius:0px;border-bottom-left-radius:0px;}.kadence-column_be9f56-30 > .kt-inside-inner-col:before{opacity:0.3;}.kadence-column_be9f56-30{position:relative;}<\/style>\n<div class=\"wp-block-kadence-column kadence-column_be9f56-30\"><div class=\"kt-inside-inner-col\">\n<h4 class=\"wp-block-heading\">Logopeda<\/h4>\n\n\n\n<p>Nasi \u017c\u0142obkowicze s\u0105 pod sta\u0142ym okiem logopedy, kt\u00f3ry w razie potrzeby zwraca uwag\u0119 na trudno\u015bci w rozwoju mowy. Ch\u0119tnych rodzic\u00f3w zapraszamy r\u00f3wnie\u017c <br>na prywatne zaj\u0119cia po godzinach pracy \u017c\u0142obka.<\/p>\n\n\n\n<p>Na co dzie\u0144 prowadzimy r\u00f3wnie\u017c zaj\u0119cia logopedyczne wspomagaj\u0105ce rozw\u00f3j mowy naszych najm\u0142odszych.<\/p>\n<\/div><\/div>\n\n\n<style>.kadence-column_324c06-ef > .kt-inside-inner-col,.kadence-column_324c06-ef > .kt-inside-inner-col:before{border-top-left-radius:0px;border-top-right-radius:0px;border-bottom-right-radius:0px;border-bottom-left-radius:0px;}.kadence-column_324c06-ef > .kt-inside-inner-col:before{opacity:0.3;}.kadence-column_324c06-ef{position:relative;}<\/style>\n<div class=\"wp-block-kadence-column kadence-column_324c06-ef\"><div class=\"kt-inside-inner-col\"><div class=\"wp-block-image\">\n<figure class=\"aligncenter size-full\"><img loading=\"lazy\" decoding=\"async\" width=\"291\" height=\"259\" src=\"https:\/\/zlobekbabypanda.pl\/wp-content\/uploads\/2021\/10\/museum-logo-full-e1633978538695.png\" alt=\"t\u0119cza\" class=\"wp-image-235\"\/><\/figure>\n<\/div><\/div><\/div>\n\n<\/div><\/div>\n\n<style>.kb-row-layout-id_e974d2-81 > .kt-row-column-wrap{align-content:start;}:where(.kb-row-layout-id_e974d2-81 > .kt-row-column-wrap) > .wp-block-kadence-column{justify-content:start;}.kb-row-layout-id_e974d2-81 > .kt-row-column-wrap{column-gap:var(--global-kb-gap-md, 2rem);row-gap:var(--global-kb-gap-md, 2rem);max-width:1027px;margin-left:auto;margin-right:auto;padding-top:var(--global-kb-spacing-lg, 3rem);padding-bottom:var(--global-kb-spacing-xl, 4rem);grid-template-columns:repeat(2, minmax(0, 1fr));}.kb-row-layout-id_e974d2-81{background-color:rgba(242,132,130,0.59);}.kb-row-layout-id_e974d2-81 > .kt-row-layout-overlay{opacity:0.07;background-color:#f28482;}.kb-row-layout-id_e974d2-81 .kt-row-layout-bottom-sep{height:100px;}.kb-row-layout-id_e974d2-81 .kt-row-layout-bottom-sep svg{width:100%;}.kb-row-layout-id_e974d2-81 .kt-row-layout-bottom-sep svg{fill:#ffffff!important;}@media all and (max-width: 1024px){.kb-row-layout-id_e974d2-81 > .kt-row-column-wrap{grid-template-columns:repeat(2, minmax(0, 1fr));}}@media all and (max-width: 1024px){.kb-row-layout-id_e974d2-81 .kt-row-layout-bottom-sep{height:px;}}@media all and (max-width: 1024px){.kb-row-layout-id_e974d2-81 .kt-row-layout-bottom-sep svg{width:%;}}@media all and (max-width: 767px){.kb-row-layout-id_e974d2-81 > .kt-row-column-wrap{grid-template-columns:minmax(0, 1fr);}.kb-row-layout-id_e974d2-81 .kt-row-layout-bottom-sep{height:px;}.kb-row-layout-id_e974d2-81 .kt-row-layout-bottom-sep svg{width:%;}}<\/style><div class=\"kb-row-layout-wrap kb-row-layout-id_e974d2-81 alignnone kt-row-has-bg wp-block-kadence-rowlayout\"><div class=\"kt-row-layout-overlay kt-row-overlay-normal\"><\/div><div class=\"kt-row-layout-bottom-sep kt-row-sep-type-crvri\"><svg viewBox=\"0 0 1000 100\" preserveAspectRatio=\"none\"><path d=\"M1000,0c0,0 -120.987,98 -350,98c-229.013,0 -650,-98 -650,-98l0,100l1000,0l0,-100Z\" \/><\/svg><\/div><div class=\"kt-row-column-wrap kt-has-2-columns kt-row-layout-equal kt-tab-layout-inherit kt-mobile-layout-row kt-row-valign-top\">\n<style>.kadence-column_1c3c39-a8 > .kt-inside-inner-col,.kadence-column_1c3c39-a8 > .kt-inside-inner-col:before{border-top-left-radius:0px;border-top-right-radius:0px;border-bottom-right-radius:0px;border-bottom-left-radius:0px;}.kadence-column_1c3c39-a8 > .kt-inside-inner-col:before{opacity:0.3;}.kadence-column_1c3c39-a8{position:relative;}<\/style>\n<div class=\"wp-block-kadence-column kadence-column_1c3c39-a8\"><div class=\"kt-inside-inner-col\"><div class=\"wp-block-image\">\n<figure class=\"aligncenter size-full\"><img loading=\"lazy\" decoding=\"async\" width=\"311\" height=\"209\" src=\"https:\/\/zlobekbabypanda.pl\/wp-content\/uploads\/2021\/10\/cropped-museum-logo-e1633629996857.png\" alt=\"koniec t\u0119czy\" class=\"wp-image-236\" srcset=\"https:\/\/zlobekbabypanda.pl\/wp-content\/uploads\/2021\/10\/cropped-museum-logo-e1633629996857.png 311w, https:\/\/zlobekbabypanda.pl\/wp-content\/uploads\/2021\/10\/cropped-museum-logo-e1633629996857-300x202.png 300w\" sizes=\"auto, (max-width: 311px) 100vw, 311px\" \/><\/figure>\n<\/div><\/div><\/div>\n\n\n<style>.kadence-column_7f394a-72 > .kt-inside-inner-col,.kadence-column_7f394a-72 > .kt-inside-inner-col:before{border-top-left-radius:0px;border-top-right-radius:0px;border-bottom-right-radius:0px;border-bottom-left-radius:0px;}.kadence-column_7f394a-72 > .kt-inside-inner-col:before{opacity:0.3;}.kadence-column_7f394a-72{position:relative;}<\/style>\n<div class=\"wp-block-kadence-column kadence-column_7f394a-72\"><div class=\"kt-inside-inner-col\">\n<h4 class=\"wp-block-heading\">Psycholog<\/h4>\n\n\n\n<p>Wsp\u00f3\u0142pracujemy z psychologiem, kt\u00f3ry raz w tygodniu odwiedza nasz\u0105 plac\u00f3wk\u0119 i obserwuje grup\u0119. <\/p>\n\n\n\n<p>W razie w\u0105tpliwo\u015bci, wsp\u00f3lnie z opiekunami, dyrektorem <br>i rodzicami staramy si\u0119 pomaga\u0107 naszym podopiecznym w ewentualnych trudno\u015bciach. Ch\u0119tnych rodzic\u00f3w zapraszamy r\u00f3wnie\u017c na konsultacje.<\/p>\n<\/div><\/div>\n\n<\/div><\/div>","protected":false},"excerpt":{"rendered":"<p>Specjali\u015bci Logopeda Nasi \u017c\u0142obkowicze s\u0105 pod sta\u0142ym okiem logopedy, kt\u00f3ry w razie potrzeby zwraca uwag\u0119 na trudno\u015bci w rozwoju mowy. Ch\u0119tnych rodzic\u00f3w zapraszamy r\u00f3wnie\u017c na prywatne zaj\u0119cia po godzinach pracy \u017c\u0142obka. Na co dzie\u0144 prowadzimy r\u00f3wnie\u017c zaj\u0119cia logopedyczne wspomagaj\u0105ce rozw\u00f3j mowy naszych najm\u0142odszych. Psycholog Wsp\u00f3\u0142pracujemy z psychologiem, kt\u00f3ry raz w tygodniu odwiedza nasz\u0105 plac\u00f3wk\u0119 i&#8230;<\/p>\n","protected":false},"author":1,"featured_media":0,"parent":0,"menu_order":0,"comment_status":"closed","ping_status":"closed","template":"","meta":{"_kad_post_transparent":"","_kad_post_title":"","_kad_post_layout":"","_kad_post_sidebar_id":"","_kad_post_content_style":"","_kad_post_vertical_padding":"","_kad_post_feature":"","_kad_post_feature_position":"","_kad_post_header":false,"_kad_post_footer":false,"_kad_post_classname":"","footnotes":""},"class_list":["post-696","page","type-page","status-publish","hentry"],"_links":{"self":[{"href":"https:\/\/zlobekbabypanda.pl\/index.php?rest_route=\/wp\/v2\/pages\/696","targetHints":{"allow":["GET"]}}],"collection":[{"href":"https:\/\/zlobekbabypanda.pl\/index.php?rest_route=\/wp\/v2\/pages"}],"about":[{"href":"https:\/\/zlobekbabypanda.pl\/index.php?rest_route=\/wp\/v2\/types\/page"}],"author":[{"embeddable":true,"href":"https:\/\/zlobekbabypanda.pl\/index.php?rest_route=\/wp\/v2\/users\/1"}],"replies":[{"embeddable":true,"href":"https:\/\/zlobekbabypanda.pl\/index.php?rest_route=%2Fwp%2Fv2%2Fcomments&post=696"}],"version-history":[{"count":3,"href":"https:\/\/zlobekbabypanda.pl\/index.php?rest_route=\/wp\/v2\/pages\/696\/revisions"}],"predecessor-version":[{"id":797,"href":"https:\/\/zlobekbabypanda.pl\/index.php?rest_route=\/wp\/v2\/pages\/696\/revisions\/797"}],"wp:attachment":[{"href":"https:\/\/zlobekbabypanda.pl\/index.php?rest_route=%2Fwp%2Fv2%2Fmedia&parent=696"}],"curies":[{"name":"wp","href":"https:\/\/api.w.org\/{rel}","templated":true}]}}