{"id":697,"date":"2023-07-24T14:41:14","date_gmt":"2023-07-24T12:41:14","guid":{"rendered":"https:\/\/zlobekbabypanda.pl\/?page_id=697"},"modified":"2024-12-17T13:53:35","modified_gmt":"2024-12-17T12:53:35","slug":"opiekunowie","status":"publish","type":"page","link":"https:\/\/zlobekbabypanda.pl\/?page_id=697","title":{"rendered":"opiekunowie"},"content":{"rendered":"<style>.kb-row-layout-id_aa7f3e-68 > .kt-row-column-wrap{align-content:start;}:where(.kb-row-layout-id_aa7f3e-68 > .kt-row-column-wrap) > .wp-block-kadence-column{justify-content:start;}.kb-row-layout-id_aa7f3e-68 > .kt-row-column-wrap{column-gap:var(--global-kb-gap-md, 2rem);row-gap:var(--global-kb-gap-md, 2rem);max-width:1081px;margin-left:auto;margin-right:auto;padding-top:110px;padding-bottom:25px;grid-template-columns:minmax(0, 1fr);}.kb-row-layout-id_aa7f3e-68 > .kt-row-layout-overlay{opacity:0.30;}.kb-row-layout-id_aa7f3e-68 .kt-row-layout-bottom-sep{height:100px;}.kb-row-layout-id_aa7f3e-68 .kt-row-layout-bottom-sep svg{width:100%;}.kb-row-layout-id_aa7f3e-68 .kt-row-layout-bottom-sep svg{fill:#ffffff!important;}.kb-row-layout-id_aa7f3e-68 .kt-row-layout-top-sep{height:79px;}.kb-row-layout-id_aa7f3e-68 .kt-row-layout-top-sep svg{fill:#ffffff!important;}@media all and (max-width: 1024px){.kb-row-layout-id_aa7f3e-68 > .kt-row-column-wrap{grid-template-columns:minmax(0, 1fr);}}@media all and (max-width: 1024px){.kb-row-layout-id_aa7f3e-68 .kt-row-layout-bottom-sep{height:px;}}@media all and (max-width: 1024px){.kb-row-layout-id_aa7f3e-68 .kt-row-layout-bottom-sep svg{width:%;}}@media all and (max-width: 767px){.kb-row-layout-id_aa7f3e-68 > .kt-row-column-wrap{grid-template-columns:minmax(0, 1fr);}.kb-row-layout-id_aa7f3e-68 .kt-row-layout-bottom-sep{height:px;}.kb-row-layout-id_aa7f3e-68 .kt-row-layout-bottom-sep svg{width:%;}}<\/style><div class=\"kb-row-layout-wrap kb-row-layout-id_aa7f3e-68 alignnone has-theme-palette8-background-color kt-row-has-bg wp-block-kadence-rowlayout\"><div class=\"kt-row-layout-top-sep kt-row-sep-type-waves\"><svg viewBox=\"0 0 1000 100\" preserveAspectRatio=\"none\"><path d=\"M1000,40c0,0 -120.077,-38.076 -250,-38c-129.923,0.076 -345.105,78 -500,78c-154.895,0 -250,-30 -250,-30l0,50l1000,0l0,-60Z\" \/><path d=\"M1000,40c0,0 -120.077,-38.076 -250,-38c-129.923,0.076 -345.105,73 -500,73c-154.895,0 -250,-45 -250,-45l0,70l1000,0l0,-60Z\" style=\"opacity: 0.4\" \/><path d=\"M1000,40c0,0 -120.077,-38.076 -250,-38c-129.923,0.076 -345.105,68 -500,68c-154.895,0 -250,-65 -250,-65l0,95l1000,0l0,-60Z\" style=\"opacity: 0.4\" \/><\/svg><\/div><div class=\"kt-row-column-wrap kt-has-1-columns kt-row-layout-equal kt-tab-layout-inherit kt-mobile-layout-row kt-row-valign-top\">\n<style>.kadence-column_9380b4-ec, .kt-inside-inner-col > .kadence-column_9380b4-ec:not(.specificity){margin-right:var(--global-kb-spacing-5xl, 10rem);margin-left:var(--global-kb-spacing-5xl, 10rem);}.kadence-column_9380b4-ec > .kt-inside-inner-col{padding-right:0px;padding-left:0px;}.kadence-column_9380b4-ec > .kt-inside-inner-col,.kadence-column_9380b4-ec > .kt-inside-inner-col:before{border-top-left-radius:0px;border-top-right-radius:0px;border-bottom-right-radius:0px;border-bottom-left-radius:0px;}.kadence-column_9380b4-ec > .kt-inside-inner-col:before{opacity:0.3;}.kadence-column_9380b4-ec{text-align:center;}.kadence-column_9380b4-ec{position:relative;}<\/style>\n<div class=\"wp-block-kadence-column kadence-column_9380b4-ec inner-column-1\"><div class=\"kt-inside-inner-col\">\n<h2 class=\"wp-block-heading has-text-align-center\" id=\"opiekunowie\"><strong>Opiekunowie<\/strong><\/h2>\n\n\n\n<p class=\"has-text-align-center\">Wszyscy nasi opiekunowie posiadaj\u0105 uprawnienia do pracy w \u017c\u0142obku. <br>Ka\u017cda rekrutacja przeprowadzana jest bardzo dok\u0142adnie i rzetelnie, <br>tak by mieli Pa\u0144stwo pewno\u015b\u0107, \u017ce zostawiacie swoje pociechy w dobrych r\u0119kach.<\/p>\n\n\n\n<p class=\"has-text-align-center\">Ka\u017cdy pracownik co 2 lata przechodzi obowi\u0105zkowe szkolenie z udzielania pierwszej pomocy dzieciom do 3-go roku \u017cycia.<\/p>\n\n\n\n<p class=\"has-text-align-center\">W naszej plac\u00f3wce na 1 opiekuna przypada jedynie 5 maluszk\u00f3w, co pozwala nam odpowiada\u0107 na potrzeby ka\u017cdego z nich indywidualnie.<\/p>\n\n\n\n<p>&#8222;Ciocie&#8221; otaczaj\u0105 dzieciaki mi\u0142o\u015bci\u0105 i zapewniaj\u0105 im poczucie bezpiecze\u0144stwa, <br>tak by mog\u0142y poczu\u0107 u nas namiastk\u0119 domowego ciep\u0142a.<\/p>\n<\/div><\/div>\n\n<\/div><\/div>\n\n<style>.kb-row-layout-id_9fd725-b2 > .kt-row-column-wrap{align-content:center;}:where(.kb-row-layout-id_9fd725-b2 > .kt-row-column-wrap) > .wp-block-kadence-column{justify-content:center;}.kb-row-layout-id_9fd725-b2 > .kt-row-column-wrap{column-gap:var(--global-kb-gap-none, 0 );row-gap:var(--global-kb-gap-md, 2rem);max-width:var( --global-content-width, 1290px );padding-left:var(--global-content-edge-padding);padding-right:var(--global-content-edge-padding);padding-top:25px;padding-bottom:80px;grid-template-columns:repeat(4, minmax(0, 1fr));}.kb-row-layout-id_9fd725-b2 > .kt-row-layout-overlay{opacity:0.30;background-color:var(--global-palette8, #F7FAFC);}.kb-row-layout-id_9fd725-b2 .kt-row-layout-bottom-sep{height:100px;}.kb-row-layout-id_9fd725-b2 .kt-row-layout-bottom-sep svg{width:100%;}.kb-row-layout-id_9fd725-b2 .kt-row-layout-bottom-sep svg{fill:var(--global-palette9, #ffffff)!important;}@media all and (max-width: 1024px){.kb-row-layout-id_9fd725-b2 > .kt-row-column-wrap{grid-template-columns:repeat(4, minmax(0, 1fr));}}@media all and (max-width: 1024px){.kb-row-layout-id_9fd725-b2 .kt-row-layout-bottom-sep{height:px;}}@media all and (max-width: 1024px){.kb-row-layout-id_9fd725-b2 .kt-row-layout-bottom-sep svg{width:%;}}@media all and (max-width: 767px){.kb-row-layout-id_9fd725-b2 > .kt-row-column-wrap{grid-template-columns:minmax(0, 1fr);}.kb-row-layout-id_9fd725-b2 .kt-row-layout-bottom-sep{height:px;}.kb-row-layout-id_9fd725-b2 .kt-row-layout-bottom-sep svg{width:%;}}.kb-row-layout-id_9fd725-b2 .rounded-corners {  border-radius: 70px;}<\/style><div class=\"kb-row-layout-wrap kb-row-layout-id_9fd725-b2 alignnone has-theme-palette8-background-color kt-row-has-bg wp-block-kadence-rowlayout\"><div class=\"kt-row-layout-overlay kt-row-overlay-normal\"><\/div><div class=\"kt-row-layout-bottom-sep kt-row-sep-type-crvri\"><svg viewBox=\"0 0 1000 100\" preserveAspectRatio=\"none\"><path d=\"M1000,0c0,0 -120.987,98 -350,98c-229.013,0 -650,-98 -650,-98l0,100l1000,0l0,-100Z\" \/><\/svg><\/div><div class=\"kt-row-column-wrap kt-has-4-columns kt-row-layout-equal kt-tab-layout-inherit kt-mobile-layout-row kt-row-valign-middle kb-theme-content-width\">\n<style>.kadence-column_77f4ee-62 > .kt-inside-inner-col{padding-top:30px;padding-right:30px;padding-bottom:30px;padding-left:30px;}.kadence-column_77f4ee-62 > .kt-inside-inner-col,.kadence-column_77f4ee-62 > .kt-inside-inner-col:before{border-top-left-radius:0px;border-top-right-radius:0px;border-bottom-right-radius:0px;border-bottom-left-radius:0px;}.kadence-column_77f4ee-62 > .kt-inside-inner-col{background-image:url('https:\/\/startertemplatecloud.com\/g17\/wp-content\/uploads\/sites\/37\/2021\/09\/blob-5-e1633035271708.png');background-size:contain;background-position:center center;background-attachment:scroll;background-repeat:no-repeat;}.kadence-column_77f4ee-62 > .kt-inside-inner-col:before{opacity:0.3;}.kadence-column_77f4ee-62{position:relative;}<\/style>\n<div class=\"wp-block-kadence-column kadence-column_77f4ee-62 inner-column-1\"><div class=\"kt-inside-inner-col\">\n<figure class=\"wp-block-image size-large rounded-corners\"><img loading=\"lazy\" decoding=\"async\" width=\"724\" height=\"1024\" src=\"https:\/\/zlobekbabypanda.pl\/wp-content\/uploads\/2023\/07\/2-724x1024.png\" alt=\"\" class=\"wp-image-678\" srcset=\"https:\/\/zlobekbabypanda.pl\/wp-content\/uploads\/2023\/07\/2-724x1024.png 724w, https:\/\/zlobekbabypanda.pl\/wp-content\/uploads\/2023\/07\/2-212x300.png 212w, https:\/\/zlobekbabypanda.pl\/wp-content\/uploads\/2023\/07\/2-768x1086.png 768w, https:\/\/zlobekbabypanda.pl\/wp-content\/uploads\/2023\/07\/2-1086x1536.png 1086w, https:\/\/zlobekbabypanda.pl\/wp-content\/uploads\/2023\/07\/2.png 1414w\" sizes=\"auto, (max-width: 724px) 100vw, 724px\" \/><\/figure>\n\n\n<style>.wp-block-kadence-advancedheading.kt-adv-heading_fb22cb-1a, .wp-block-kadence-advancedheading.kt-adv-heading_fb22cb-1a[data-kb-block=\"kb-adv-heading_fb22cb-1a\"]{text-align:center;font-weight:400;font-style:normal;font-family:Poppins;text-transform:capitalize;}.wp-block-kadence-advancedheading.kt-adv-heading_fb22cb-1a mark, .wp-block-kadence-advancedheading.kt-adv-heading_fb22cb-1a[data-kb-block=\"kb-adv-heading_fb22cb-1a\"] mark{font-style:normal;color:#f76a0c;padding-top:0px;padding-right:0px;padding-bottom:0px;padding-left:0px;}<\/style>\n<h4 class=\"kt-adv-heading_fb22cb-1a wp-block-kadence-advancedheading has-theme-palette-2-color has-text-color\" data-kb-block=\"kb-adv-heading_fb22cb-1a\">Martyna<\/h4>\n<\/div><\/div>\n\n\n<style>.kadence-column_484a31-a0 > .kt-inside-inner-col{padding-top:30px;padding-right:30px;padding-bottom:30px;padding-left:30px;}.kadence-column_484a31-a0 > .kt-inside-inner-col,.kadence-column_484a31-a0 > .kt-inside-inner-col:before{border-top-left-radius:0px;border-top-right-radius:0px;border-bottom-right-radius:0px;border-bottom-left-radius:0px;}.kadence-column_484a31-a0 > .kt-inside-inner-col{background-image:url('https:\/\/startertemplatecloud.com\/g17\/wp-content\/uploads\/sites\/37\/2021\/09\/blob-4-e1633035241333.png');background-size:contain;background-position:48% 46%;background-attachment:scroll;background-repeat:no-repeat;}.kadence-column_484a31-a0 > .kt-inside-inner-col:before{opacity:0.3;}.kadence-column_484a31-a0{position:relative;}<\/style>\n<div class=\"wp-block-kadence-column kadence-column_484a31-a0 inner-column-3\"><div class=\"kt-inside-inner-col\">\n<figure class=\"wp-block-image size-large rounded-corners\"><img loading=\"lazy\" decoding=\"async\" width=\"724\" height=\"1024\" src=\"https:\/\/zlobekbabypanda.pl\/wp-content\/uploads\/2023\/07\/3-724x1024.png\" alt=\"\" class=\"wp-image-679\" srcset=\"https:\/\/zlobekbabypanda.pl\/wp-content\/uploads\/2023\/07\/3-724x1024.png 724w, https:\/\/zlobekbabypanda.pl\/wp-content\/uploads\/2023\/07\/3-212x300.png 212w, https:\/\/zlobekbabypanda.pl\/wp-content\/uploads\/2023\/07\/3-768x1086.png 768w, https:\/\/zlobekbabypanda.pl\/wp-content\/uploads\/2023\/07\/3-1086x1536.png 1086w, https:\/\/zlobekbabypanda.pl\/wp-content\/uploads\/2023\/07\/3.png 1414w\" sizes=\"auto, (max-width: 724px) 100vw, 724px\" \/><\/figure>\n\n\n<style>.wp-block-kadence-advancedheading.kt-adv-heading_442bef-94, .wp-block-kadence-advancedheading.kt-adv-heading_442bef-94[data-kb-block=\"kb-adv-heading_442bef-94\"]{text-align:center;font-weight:400;font-style:normal;font-family:Poppins;text-transform:capitalize;}.wp-block-kadence-advancedheading.kt-adv-heading_442bef-94 mark, .wp-block-kadence-advancedheading.kt-adv-heading_442bef-94[data-kb-block=\"kb-adv-heading_442bef-94\"] mark{font-style:normal;color:#f76a0c;padding-top:0px;padding-right:0px;padding-bottom:0px;padding-left:0px;}<\/style>\n<h4 class=\"kt-adv-heading_442bef-94 wp-block-kadence-advancedheading has-theme-palette-2-color has-text-color\" data-kb-block=\"kb-adv-heading_442bef-94\">Weronika<\/h4>\n<\/div><\/div>\n\n\n<style>.kadence-column_60589f-39 > .kt-inside-inner-col{padding-top:30px;padding-right:30px;padding-bottom:30px;padding-left:30px;}.kadence-column_60589f-39 > .kt-inside-inner-col,.kadence-column_60589f-39 > .kt-inside-inner-col:before{border-top-left-radius:0px;border-top-right-radius:0px;border-bottom-right-radius:0px;border-bottom-left-radius:0px;}.kadence-column_60589f-39 > .kt-inside-inner-col{background-image:url('https:\/\/startertemplatecloud.com\/g17\/wp-content\/uploads\/sites\/37\/2021\/09\/blob-6-e1633035293816.png');background-size:contain;background-position:center center;background-attachment:scroll;background-repeat:no-repeat;}.kadence-column_60589f-39 > .kt-inside-inner-col:before{opacity:0.3;}.kadence-column_60589f-39{position:relative;}<\/style>\n<div class=\"wp-block-kadence-column kadence-column_60589f-39 inner-column-4\"><div class=\"kt-inside-inner-col\">\n<figure class=\"wp-block-image size-large rounded-corners\"><img loading=\"lazy\" decoding=\"async\" width=\"724\" height=\"1024\" src=\"https:\/\/zlobekbabypanda.pl\/wp-content\/uploads\/2023\/07\/1-724x1024.png\" alt=\"\" class=\"wp-image-677\" srcset=\"https:\/\/zlobekbabypanda.pl\/wp-content\/uploads\/2023\/07\/1-724x1024.png 724w, https:\/\/zlobekbabypanda.pl\/wp-content\/uploads\/2023\/07\/1-212x300.png 212w, https:\/\/zlobekbabypanda.pl\/wp-content\/uploads\/2023\/07\/1-768x1086.png 768w, https:\/\/zlobekbabypanda.pl\/wp-content\/uploads\/2023\/07\/1-1086x1536.png 1086w, https:\/\/zlobekbabypanda.pl\/wp-content\/uploads\/2023\/07\/1.png 1414w\" sizes=\"auto, (max-width: 724px) 100vw, 724px\" \/><\/figure>\n\n\n<style>.wp-block-kadence-advancedheading.kt-adv-heading_c97108-ad, .wp-block-kadence-advancedheading.kt-adv-heading_c97108-ad[data-kb-block=\"kb-adv-heading_c97108-ad\"]{text-align:center;font-weight:400;font-style:normal;font-family:Poppins;text-transform:capitalize;}.wp-block-kadence-advancedheading.kt-adv-heading_c97108-ad mark, .wp-block-kadence-advancedheading.kt-adv-heading_c97108-ad[data-kb-block=\"kb-adv-heading_c97108-ad\"] mark{font-style:normal;color:#f76a0c;padding-top:0px;padding-right:0px;padding-bottom:0px;padding-left:0px;}<\/style>\n<h4 class=\"kt-adv-heading_c97108-ad wp-block-kadence-advancedheading has-theme-palette-2-color has-text-color\" data-kb-block=\"kb-adv-heading_c97108-ad\">Daria<\/h4>\n<\/div><\/div>\n\n\n<style>.kadence-column_4c4ecc-1d > .kt-inside-inner-col,.kadence-column_4c4ecc-1d > .kt-inside-inner-col:before{border-top-left-radius:0px;border-top-right-radius:0px;border-bottom-right-radius:0px;border-bottom-left-radius:0px;}.kadence-column_4c4ecc-1d > .kt-inside-inner-col:before{opacity:0.3;}.kadence-column_4c4ecc-1d{position:relative;}<\/style>\n<div class=\"wp-block-kadence-column kadence-column_4c4ecc-1d\"><div class=\"kt-inside-inner-col\"><style>.kadence-column_8e1755-2c > .kt-inside-inner-col{padding-top:30px;padding-right:30px;padding-bottom:30px;padding-left:30px;}.kadence-column_8e1755-2c > .kt-inside-inner-col,.kadence-column_8e1755-2c > .kt-inside-inner-col:before{border-top-left-radius:0px;border-top-right-radius:0px;border-bottom-right-radius:0px;border-bottom-left-radius:0px;}.kadence-column_8e1755-2c > .kt-inside-inner-col{background-image:url('https:\/\/startertemplatecloud.com\/g17\/wp-content\/uploads\/sites\/37\/2021\/09\/blob-6-e1633035293816.png');background-size:contain;background-position:center center;background-attachment:scroll;background-repeat:no-repeat;}.kadence-column_8e1755-2c > .kt-inside-inner-col:before{opacity:0.3;}.kadence-column_8e1755-2c{position:relative;}<\/style>\n<div class=\"wp-block-kadence-column kadence-column_8e1755-2c inner-column-4\"><div class=\"kt-inside-inner-col\">\n<figure class=\"wp-block-image size-large rounded-corners\"><img loading=\"lazy\" decoding=\"async\" width=\"724\" height=\"1024\" src=\"https:\/\/zlobekbabypanda.pl\/wp-content\/uploads\/2023\/07\/3-724x1024.png\" alt=\"\" class=\"wp-image-679\" srcset=\"https:\/\/zlobekbabypanda.pl\/wp-content\/uploads\/2023\/07\/3-724x1024.png 724w, https:\/\/zlobekbabypanda.pl\/wp-content\/uploads\/2023\/07\/3-212x300.png 212w, https:\/\/zlobekbabypanda.pl\/wp-content\/uploads\/2023\/07\/3-768x1086.png 768w, https:\/\/zlobekbabypanda.pl\/wp-content\/uploads\/2023\/07\/3-1086x1536.png 1086w, https:\/\/zlobekbabypanda.pl\/wp-content\/uploads\/2023\/07\/3.png 1414w\" sizes=\"auto, (max-width: 724px) 100vw, 724px\" \/><\/figure>\n\n\n<style>.wp-block-kadence-advancedheading.kt-adv-heading_d20892-20, .wp-block-kadence-advancedheading.kt-adv-heading_d20892-20[data-kb-block=\"kb-adv-heading_d20892-20\"]{text-align:center;font-weight:400;font-style:normal;font-family:Poppins;text-transform:capitalize;}.wp-block-kadence-advancedheading.kt-adv-heading_d20892-20 mark, .wp-block-kadence-advancedheading.kt-adv-heading_d20892-20[data-kb-block=\"kb-adv-heading_d20892-20\"] mark{font-style:normal;color:#f76a0c;padding-top:0px;padding-right:0px;padding-bottom:0px;padding-left:0px;}<\/style>\n<h4 class=\"kt-adv-heading_d20892-20 wp-block-kadence-advancedheading has-theme-palette-2-color has-text-color\" data-kb-block=\"kb-adv-heading_d20892-20\">Aleksandra<\/h4>\n<\/div><\/div>\n<\/div><\/div>\n\n<\/div><\/div>\n\n\n<p><\/p>\n","protected":false},"excerpt":{"rendered":"<p>Opiekunowie Wszyscy nasi opiekunowie posiadaj\u0105 uprawnienia do pracy w \u017c\u0142obku. Ka\u017cda rekrutacja przeprowadzana jest bardzo dok\u0142adnie i rzetelnie, tak by mieli Pa\u0144stwo pewno\u015b\u0107, \u017ce zostawiacie swoje pociechy w dobrych r\u0119kach. Ka\u017cdy pracownik co 2 lata przechodzi obowi\u0105zkowe szkolenie z udzielania pierwszej pomocy dzieciom do 3-go roku \u017cycia. W naszej plac\u00f3wce na 1 opiekuna przypada jedynie&#8230;<\/p>\n","protected":false},"author":1,"featured_media":0,"parent":0,"menu_order":0,"comment_status":"closed","ping_status":"closed","template":"","meta":{"_kad_post_transparent":"","_kad_post_title":"","_kad_post_layout":"","_kad_post_sidebar_id":"","_kad_post_content_style":"","_kad_post_vertical_padding":"","_kad_post_feature":"","_kad_post_feature_position":"","_kad_post_header":false,"_kad_post_footer":false,"_kad_post_classname":"","footnotes":""},"class_list":["post-697","page","type-page","status-publish","hentry"],"_links":{"self":[{"href":"https:\/\/zlobekbabypanda.pl\/index.php?rest_route=\/wp\/v2\/pages\/697","targetHints":{"allow":["GET"]}}],"collection":[{"href":"https:\/\/zlobekbabypanda.pl\/index.php?rest_route=\/wp\/v2\/pages"}],"about":[{"href":"https:\/\/zlobekbabypanda.pl\/index.php?rest_route=\/wp\/v2\/types\/page"}],"author":[{"embeddable":true,"href":"https:\/\/zlobekbabypanda.pl\/index.php?rest_route=\/wp\/v2\/users\/1"}],"replies":[{"embeddable":true,"href":"https:\/\/zlobekbabypanda.pl\/index.php?rest_route=%2Fwp%2Fv2%2Fcomments&post=697"}],"version-history":[{"count":6,"href":"https:\/\/zlobekbabypanda.pl\/index.php?rest_route=\/wp\/v2\/pages\/697\/revisions"}],"predecessor-version":[{"id":844,"href":"https:\/\/zlobekbabypanda.pl\/index.php?rest_route=\/wp\/v2\/pages\/697\/revisions\/844"}],"wp:attachment":[{"href":"https:\/\/zlobekbabypanda.pl\/index.php?rest_route=%2Fwp%2Fv2%2Fmedia&parent=697"}],"curies":[{"name":"wp","href":"https:\/\/api.w.org\/{rel}","templated":true}]}}