{"id":734,"date":"2023-07-24T15:34:37","date_gmt":"2023-07-24T13:34:37","guid":{"rendered":"https:\/\/zlobekbabypanda.pl\/?page_id=734"},"modified":"2024-12-17T13:51:20","modified_gmt":"2024-12-17T12:51:20","slug":"dofinansowania-2","status":"publish","type":"page","link":"https:\/\/zlobekbabypanda.pl\/?page_id=734","title":{"rendered":"dofinansowania"},"content":{"rendered":"<style>.kb-row-layout-id_3e4f62-f4 > .kt-row-column-wrap{align-content:start;}:where(.kb-row-layout-id_3e4f62-f4 > .kt-row-column-wrap) > .wp-block-kadence-column{justify-content:start;}.kb-row-layout-id_3e4f62-f4 > .kt-row-column-wrap{column-gap:var(--global-kb-gap-md, 2rem);row-gap:var(--global-kb-gap-md, 2rem);max-width:750px;margin-left:auto;margin-right:auto;padding-top:155px;padding-bottom:25px;grid-template-columns:minmax(0, 1fr);}.kb-row-layout-id_3e4f62-f4{background-color:#f5cac3;}.kb-row-layout-id_3e4f62-f4 > .kt-row-layout-overlay{opacity:0.30;background-color:#f28482;}.kb-row-layout-id_3e4f62-f4 .kt-row-layout-bottom-sep{height:100px;}.kb-row-layout-id_3e4f62-f4 .kt-row-layout-bottom-sep svg{width:100%;}.kb-row-layout-id_3e4f62-f4 .kt-row-layout-bottom-sep svg{fill:var(--global-palette7, #EDF2F7)!important;}.kb-row-layout-id_3e4f62-f4 .kt-row-layout-top-sep{height:100px;}.kb-row-layout-id_3e4f62-f4 .kt-row-layout-top-sep svg{fill:var(--global-palette9, #ffffff)!important;}@media all and (max-width: 1024px){.kb-row-layout-id_3e4f62-f4 > .kt-row-column-wrap{grid-template-columns:minmax(0, 1fr);}}@media all and (max-width: 1024px){.kb-row-layout-id_3e4f62-f4 .kt-row-layout-bottom-sep{height:px;}}@media all and (max-width: 1024px){.kb-row-layout-id_3e4f62-f4 .kt-row-layout-bottom-sep svg{width:%;}}@media all and (max-width: 767px){.kb-row-layout-id_3e4f62-f4 > .kt-row-column-wrap{grid-template-columns:minmax(0, 1fr);}.kb-row-layout-id_3e4f62-f4 .kt-row-layout-bottom-sep{height:px;}.kb-row-layout-id_3e4f62-f4 .kt-row-layout-bottom-sep svg{width:%;}}<\/style><div class=\"kb-row-layout-wrap kb-row-layout-id_3e4f62-f4 alignnone kt-row-has-bg wp-block-kadence-rowlayout\" id=\"specjali\u015bci\"><div class=\"kt-row-layout-overlay kt-row-overlay-normal\"><\/div><div class=\"kt-row-layout-top-sep kt-row-sep-type-wavesi\"><svg viewBox=\"0 0 1000 100\" preserveAspectRatio=\"none\"><path d=\"M0,40c0,0 120.077,-38.076 250,-38c129.923,0.076 345.105,78 500,78c154.895,0 250,-30 250,-30l0,50l-1000,0l0,-60Z\" \/><path d=\"M0,40c0,0 120.077,-38.076 250,-38c129.923,0.076 345.105,73 500,73c154.895,0 250,-45 250,-45l0,70l-1000,0l0,-60Z\" style=\"opacity: 0.4\" \/><path d=\"M0,40c0,0 120.077,-38.076 250,-38c129.923,0.076 345.105,68 500,68c154.895,0 250,-65 250,-65l0,95l-1000,0l0,-60Z\" style=\"opacity: 0.4\" \/><\/svg><\/div><div class=\"kt-row-column-wrap kt-has-1-columns kt-row-layout-equal kt-tab-layout-inherit kt-mobile-layout-row kt-row-valign-top\">\n<style>.kadence-column_7dfa53-30 > .kt-inside-inner-col,.kadence-column_7dfa53-30 > .kt-inside-inner-col:before{border-top-left-radius:0px;border-top-right-radius:0px;border-bottom-right-radius:0px;border-bottom-left-radius:0px;}.kadence-column_7dfa53-30 > .kt-inside-inner-col:before{opacity:0.3;}.kadence-column_7dfa53-30{position:relative;}<\/style>\n<div class=\"wp-block-kadence-column kadence-column_7dfa53-30 inner-column-1\"><div class=\"kt-inside-inner-col\"><\/div><\/div>\n\n<\/div><\/div>\n\n<style>.kb-row-layout-id_ea2c51-f3 > .kt-row-column-wrap{align-content:start;}:where(.kb-row-layout-id_ea2c51-f3 > .kt-row-column-wrap) > .wp-block-kadence-column{justify-content:start;}.kb-row-layout-id_ea2c51-f3 > .kt-row-column-wrap{column-gap:var(--global-kb-gap-md, 2rem);row-gap:var(--global-kb-gap-md, 2rem);max-width:1030px;margin-left:auto;margin-right:auto;padding-top:var(--global-kb-spacing-lg, 3rem);padding-bottom:var(--global-kb-spacing-xl, 4rem);grid-template-columns:repeat(2, minmax(0, 1fr));}.kb-row-layout-id_ea2c51-f3{background-color:rgba(242,132,130,0.59);}.kb-row-layout-id_ea2c51-f3 > .kt-row-layout-overlay{opacity:0.07;background-color:#f28482;}@media all and (max-width: 1024px){.kb-row-layout-id_ea2c51-f3 > .kt-row-column-wrap{grid-template-columns:repeat(2, minmax(0, 1fr));}}@media all and (max-width: 767px){.kb-row-layout-id_ea2c51-f3 > .kt-row-column-wrap{grid-template-columns:minmax(0, 1fr);}}<\/style><div class=\"kb-row-layout-wrap kb-row-layout-id_ea2c51-f3 alignnone kt-row-has-bg wp-block-kadence-rowlayout\"><div class=\"kt-row-layout-overlay kt-row-overlay-normal\"><\/div><div class=\"kt-row-column-wrap kt-has-2-columns kt-row-layout-equal kt-tab-layout-inherit kt-mobile-layout-row kt-row-valign-top\">\n<style>.kadence-column_be9f56-30 > .kt-inside-inner-col,.kadence-column_be9f56-30 > .kt-inside-inner-col:before{border-top-left-radius:0px;border-top-right-radius:0px;border-bottom-right-radius:0px;border-bottom-left-radius:0px;}.kadence-column_be9f56-30 > .kt-inside-inner-col:before{opacity:0.3;}.kadence-column_be9f56-30{position:relative;}<\/style>\n<div class=\"wp-block-kadence-column kadence-column_be9f56-30\"><div class=\"kt-inside-inner-col\">\n<p><strong>Dofinansowanie &#8222;Aktywnie w \u017b\u0142obku<\/strong><\/p>\n\n\n\n<ul class=\"wp-block-list\">\n<li><strong>1500z\u0142<\/strong> dla wszystkich rodzic\u00f3w<\/li>\n\n\n\n<li>rodzic sk\u0142ada wniosek na stronie ZUS<\/li>\n\n\n\n<li>pieni\u0105dze trafiaj\u0105 na konto plac\u00f3wki do 20-ego dnia nast\u0119pnego miesi\u0105ca<\/li>\n\n\n\n<li>plac\u00f3wka obni\u017ca kwot\u0119 czesnego za kolejny miesi\u0105c po otrzymaniu dofinansowania<\/li>\n\n\n\n<li><a href=\"https:\/\/www.zus.pl\/aktywnyrodzic\/wiadczenie-aktywnie-w-zlobku\">https:\/\/www.zus.pl\/aktywnyrodzic\/wiadczenie-aktywnie-w-zlobku<\/a><\/li>\n<\/ul>\n<\/div><\/div>\n\n\n<style>.kadence-column_324c06-ef > .kt-inside-inner-col,.kadence-column_324c06-ef > .kt-inside-inner-col:before{border-top-left-radius:0px;border-top-right-radius:0px;border-bottom-right-radius:0px;border-bottom-left-radius:0px;}.kadence-column_324c06-ef > .kt-inside-inner-col:before{opacity:0.3;}.kadence-column_324c06-ef{position:relative;}<\/style>\n<div class=\"wp-block-kadence-column kadence-column_324c06-ef\"><div class=\"kt-inside-inner-col\"><div class=\"wp-block-image\">\n<figure class=\"aligncenter size-full\"><img loading=\"lazy\" decoding=\"async\" width=\"291\" height=\"259\" src=\"https:\/\/zlobekbabypanda.pl\/wp-content\/uploads\/2021\/10\/museum-logo-full-e1633978538695.png\" alt=\"t\u0119cza\" class=\"wp-image-235\"\/><\/figure>\n<\/div><\/div><\/div>\n\n<\/div><\/div>\n\n<style>.kb-row-layout-id_e974d2-81 > .kt-row-column-wrap{align-content:start;}:where(.kb-row-layout-id_e974d2-81 > .kt-row-column-wrap) > .wp-block-kadence-column{justify-content:start;}.kb-row-layout-id_e974d2-81 > .kt-row-column-wrap{column-gap:var(--global-kb-gap-md, 2rem);row-gap:var(--global-kb-gap-md, 2rem);max-width:1027px;margin-left:auto;margin-right:auto;padding-top:var(--global-kb-spacing-lg, 3rem);padding-bottom:var(--global-kb-spacing-xl, 4rem);grid-template-columns:repeat(2, minmax(0, 1fr));}.kb-row-layout-id_e974d2-81{background-color:rgba(242,132,130,0.59);}.kb-row-layout-id_e974d2-81 > .kt-row-layout-overlay{opacity:0.07;background-color:#f28482;}.kb-row-layout-id_e974d2-81 .kt-row-layout-bottom-sep{height:100px;}.kb-row-layout-id_e974d2-81 .kt-row-layout-bottom-sep svg{width:100%;}.kb-row-layout-id_e974d2-81 .kt-row-layout-bottom-sep svg{fill:#ffffff!important;}@media all and (max-width: 1024px){.kb-row-layout-id_e974d2-81 > .kt-row-column-wrap{grid-template-columns:repeat(2, minmax(0, 1fr));}}@media all and (max-width: 1024px){.kb-row-layout-id_e974d2-81 .kt-row-layout-bottom-sep{height:px;}}@media all and (max-width: 1024px){.kb-row-layout-id_e974d2-81 .kt-row-layout-bottom-sep svg{width:%;}}@media all and (max-width: 767px){.kb-row-layout-id_e974d2-81 > .kt-row-column-wrap{grid-template-columns:minmax(0, 1fr);}.kb-row-layout-id_e974d2-81 .kt-row-layout-bottom-sep{height:px;}.kb-row-layout-id_e974d2-81 .kt-row-layout-bottom-sep svg{width:%;}}<\/style><div class=\"kb-row-layout-wrap kb-row-layout-id_e974d2-81 alignnone kt-row-has-bg wp-block-kadence-rowlayout\"><div class=\"kt-row-layout-overlay kt-row-overlay-normal\"><\/div><div class=\"kt-row-layout-bottom-sep kt-row-sep-type-crvri\"><svg viewBox=\"0 0 1000 100\" preserveAspectRatio=\"none\"><path d=\"M1000,0c0,0 -120.987,98 -350,98c-229.013,0 -650,-98 -650,-98l0,100l1000,0l0,-100Z\" \/><\/svg><\/div><div class=\"kt-row-column-wrap kt-has-2-columns kt-row-layout-equal kt-tab-layout-inherit kt-mobile-layout-row kt-row-valign-top\">\n<style>.kadence-column_e20803-28 > .kt-inside-inner-col,.kadence-column_e20803-28 > .kt-inside-inner-col:before{border-top-left-radius:0px;border-top-right-radius:0px;border-bottom-right-radius:0px;border-bottom-left-radius:0px;}.kadence-column_e20803-28 > .kt-inside-inner-col:before{opacity:0.3;}.kadence-column_e20803-28{position:relative;}<\/style>\n<div class=\"wp-block-kadence-column kadence-column_e20803-28\"><div class=\"kt-inside-inner-col\"><\/div><\/div>\n\n\n<style>.kadence-column_7d545f-ba > .kt-inside-inner-col,.kadence-column_7d545f-ba > .kt-inside-inner-col:before{border-top-left-radius:0px;border-top-right-radius:0px;border-bottom-right-radius:0px;border-bottom-left-radius:0px;}.kadence-column_7d545f-ba > .kt-inside-inner-col:before{opacity:0.3;}.kadence-column_7d545f-ba{position:relative;}<\/style>\n<div class=\"wp-block-kadence-column kadence-column_7d545f-ba\"><div class=\"kt-inside-inner-col\"><\/div><\/div>\n\n<\/div><\/div>\n\n\n<p><\/p>\n","protected":false},"excerpt":{"rendered":"<p>Dofinansowanie &#8222;Aktywnie w \u017b\u0142obku<\/p>\n","protected":false},"author":1,"featured_media":0,"parent":0,"menu_order":0,"comment_status":"closed","ping_status":"closed","template":"","meta":{"_kad_post_transparent":"","_kad_post_title":"","_kad_post_layout":"","_kad_post_sidebar_id":"","_kad_post_content_style":"","_kad_post_vertical_padding":"","_kad_post_feature":"","_kad_post_feature_position":"","_kad_post_header":false,"_kad_post_footer":false,"_kad_post_classname":"","footnotes":""},"class_list":["post-734","page","type-page","status-publish","hentry"],"_links":{"self":[{"href":"https:\/\/zlobekbabypanda.pl\/index.php?rest_route=\/wp\/v2\/pages\/734","targetHints":{"allow":["GET"]}}],"collection":[{"href":"https:\/\/zlobekbabypanda.pl\/index.php?rest_route=\/wp\/v2\/pages"}],"about":[{"href":"https:\/\/zlobekbabypanda.pl\/index.php?rest_route=\/wp\/v2\/types\/page"}],"author":[{"embeddable":true,"href":"https:\/\/zlobekbabypanda.pl\/index.php?rest_route=\/wp\/v2\/users\/1"}],"replies":[{"embeddable":true,"href":"https:\/\/zlobekbabypanda.pl\/index.php?rest_route=%2Fwp%2Fv2%2Fcomments&post=734"}],"version-history":[{"count":5,"href":"https:\/\/zlobekbabypanda.pl\/index.php?rest_route=\/wp\/v2\/pages\/734\/revisions"}],"predecessor-version":[{"id":842,"href":"https:\/\/zlobekbabypanda.pl\/index.php?rest_route=\/wp\/v2\/pages\/734\/revisions\/842"}],"wp:attachment":[{"href":"https:\/\/zlobekbabypanda.pl\/index.php?rest_route=%2Fwp%2Fv2%2Fmedia&parent=734"}],"curies":[{"name":"wp","href":"https:\/\/api.w.org\/{rel}","templated":true}]}}