{"id":743,"date":"2023-07-24T15:43:42","date_gmt":"2023-07-24T13:43:42","guid":{"rendered":"https:\/\/zlobekbabypanda.pl\/?page_id=743"},"modified":"2023-07-25T11:13:29","modified_gmt":"2023-07-25T09:13:29","slug":"dla-rodzica","status":"publish","type":"page","link":"https:\/\/zlobekbabypanda.pl\/?page_id=743","title":{"rendered":"dla rodzica"},"content":{"rendered":"<style>.kb-row-layout-id_c064f6-f3 > .kt-row-column-wrap{align-content:start;}:where(.kb-row-layout-id_c064f6-f3 > .kt-row-column-wrap) > .wp-block-kadence-column{justify-content:start;}.kb-row-layout-id_c064f6-f3 > .kt-row-column-wrap{column-gap:var(--global-kb-gap-md, 2rem);row-gap:var(--global-kb-gap-md, 2rem);max-width:700px;margin-left:auto;margin-right:auto;padding-top:125px;padding-bottom:40px;grid-template-columns:minmax(0, 1fr);}.kb-row-layout-id_c064f6-f3 > .kt-row-layout-overlay{opacity:0.30;}.kb-row-layout-id_c064f6-f3 .kt-row-layout-bottom-sep{height:100px;}.kb-row-layout-id_c064f6-f3 .kt-row-layout-bottom-sep svg{width:100%;}.kb-row-layout-id_c064f6-f3 .kt-row-layout-bottom-sep svg{fill:#ffffff!important;}.kb-row-layout-id_c064f6-f3 .kt-row-layout-top-sep{height:100px;}.kb-row-layout-id_c064f6-f3 .kt-row-layout-top-sep svg{fill:#ffffff!important;}@media all and (max-width: 1024px){.kb-row-layout-id_c064f6-f3 > .kt-row-column-wrap{grid-template-columns:minmax(0, 1fr);}}@media all and (max-width: 1024px){.kb-row-layout-id_c064f6-f3 .kt-row-layout-bottom-sep{height:px;}}@media all and (max-width: 1024px){.kb-row-layout-id_c064f6-f3 .kt-row-layout-bottom-sep svg{width:%;}}@media all and (max-width: 767px){.kb-row-layout-id_c064f6-f3 > .kt-row-column-wrap{grid-template-columns:minmax(0, 1fr);}.kb-row-layout-id_c064f6-f3 .kt-row-layout-bottom-sep{height:px;}.kb-row-layout-id_c064f6-f3 .kt-row-layout-bottom-sep svg{width:%;}}<\/style><div class=\"kb-row-layout-wrap kb-row-layout-id_c064f6-f3 alignnone has-theme-palette8-background-color kt-row-has-bg wp-block-kadence-rowlayout\"><div class=\"kt-row-layout-top-sep kt-row-sep-type-wavesi\"><svg viewBox=\"0 0 1000 100\" preserveAspectRatio=\"none\"><path d=\"M0,40c0,0 120.077,-38.076 250,-38c129.923,0.076 345.105,78 500,78c154.895,0 250,-30 250,-30l0,50l-1000,0l0,-60Z\" \/><path d=\"M0,40c0,0 120.077,-38.076 250,-38c129.923,0.076 345.105,73 500,73c154.895,0 250,-45 250,-45l0,70l-1000,0l0,-60Z\" style=\"opacity: 0.4\" \/><path d=\"M0,40c0,0 120.077,-38.076 250,-38c129.923,0.076 345.105,68 500,68c154.895,0 250,-65 250,-65l0,95l-1000,0l0,-60Z\" style=\"opacity: 0.4\" \/><\/svg><\/div><div class=\"kt-row-column-wrap kt-has-1-columns kt-row-layout-equal kt-tab-layout-inherit kt-mobile-layout-row kt-row-valign-top\">\n<style>.kadence-column_9529d5-12 > .kt-inside-inner-col,.kadence-column_9529d5-12 > .kt-inside-inner-col:before{border-top-left-radius:0px;border-top-right-radius:0px;border-bottom-right-radius:0px;border-bottom-left-radius:0px;}.kadence-column_9529d5-12 > .kt-inside-inner-col:before{opacity:0.3;}.kadence-column_9529d5-12{position:relative;}<\/style>\n<div class=\"wp-block-kadence-column kadence-column_9529d5-12 inner-column-1\"><div class=\"kt-inside-inner-col\"><\/div><\/div>\n\n<\/div><\/div>\n\n<style>.kb-row-layout-id_e00bae-01 > .kt-row-column-wrap{align-content:start;}:where(.kb-row-layout-id_e00bae-01 > .kt-row-column-wrap) > .wp-block-kadence-column{justify-content:start;}.kb-row-layout-id_e00bae-01 > .kt-row-column-wrap{column-gap:var(--global-kb-gap-md, 2rem);row-gap:var(--global-kb-gap-md, 2rem);max-width:var( --global-content-width, 1290px );padding-left:var(--global-content-edge-padding);padding-right:var(--global-content-edge-padding);padding-top:0px;padding-bottom:80px;grid-template-columns:minmax(0, 2fr) minmax(0, 1fr);}.kb-row-layout-id_e00bae-01 > .kt-row-layout-overlay{opacity:0.30;}@media all and (max-width: 1024px){.kb-row-layout-id_e00bae-01 > .kt-row-column-wrap{grid-template-columns:repeat(2, minmax(0, 1fr));}}@media all and (max-width: 767px){.kb-row-layout-id_e00bae-01 > .kt-row-column-wrap{grid-template-columns:minmax(0, 1fr);}}<\/style><div class=\"kb-row-layout-wrap kb-row-layout-id_e00bae-01 alignnone has-theme-palette8-background-color kt-row-has-bg wp-block-kadence-rowlayout\"><div class=\"kt-row-column-wrap kt-has-2-columns kt-row-layout-left-golden kt-tab-layout-inherit kt-mobile-layout-row kt-row-valign-top kb-theme-content-width\">\n<style>.kadence-column_e8b5c0-9f > .kt-inside-inner-col,.kadence-column_e8b5c0-9f > .kt-inside-inner-col:before{border-top-left-radius:0px;border-top-right-radius:0px;border-bottom-right-radius:0px;border-bottom-left-radius:0px;}.kadence-column_e8b5c0-9f > .kt-inside-inner-col:before{opacity:0.3;}.kadence-column_e8b5c0-9f{position:relative;}<\/style>\n<div class=\"wp-block-kadence-column kadence-column_e8b5c0-9f\"><div class=\"kt-inside-inner-col\">\n<p><strong>Jeste\u015bmy plac\u00f3wk\u0105 zarejestrowan\u0105 jako \u017c\u0142obek i posiadamy wpis<\/strong> <strong>do rejestru \u017c\u0142obk\u00f3w i klub\u00f3w dzieci\u0119cych, znajduj\u0105cy si\u0119 pod adresem: <a rel=\"noreferrer noopener\" href=\"https:\/\/empatia.mpips.gov.pl\/web\/piu\/mapa-zlobkow-i-klubow-dzieciecych\" target=\"_blank\">https:\/\/empatia.mpips.gov.pl\/web\/piu\/mapa-zlobkow-i-klubow-dzieciecych<\/a> .<\/strong><\/p>\n\n\n\n<p>Co to oznacza w praktyce? Plac\u00f3wki wpisane do rejestru znajduj\u0105 si\u0119<\/p>\n\n\n\n<p>pod nadzorem prezydenta miasta w zakresie warunk\u00f3w i jako\u015bci opieki.<\/p>\n\n\n\n<p>Przeszli\u015bmy wszystkie niezb\u0119dne odbiory (w tym sanepid i stra\u017c po\u017carna), co oznacza, \u017ce budynek i lokal w kt\u00f3rym prowadzimy dzia\u0142alno\u015b\u0107 spe\u0142nia wszystkie wymogi i jest BEZPIECZNY dla Waszego dziecka. Plac\u00f3wka jest te\u017c regularnie kontrolowana przez powy\u017csze s\u0142u\u017cby.<\/p>\n<\/div><\/div>\n\n\n<style>.kadence-column_b0b64b-3b > .kt-inside-inner-col,.kadence-column_b0b64b-3b > .kt-inside-inner-col:before{border-top-left-radius:0px;border-top-right-radius:0px;border-bottom-right-radius:0px;border-bottom-left-radius:0px;}.kadence-column_b0b64b-3b > .kt-inside-inner-col:before{opacity:0.3;}.kadence-column_b0b64b-3b{position:relative;}<\/style>\n<div class=\"wp-block-kadence-column kadence-column_b0b64b-3b\"><div class=\"kt-inside-inner-col\"><\/div><\/div>\n\n<\/div><\/div>\n\n<style>.kb-row-layout-id_907ff7-50 > .kt-row-column-wrap{align-content:start;}:where(.kb-row-layout-id_907ff7-50 > .kt-row-column-wrap) > .wp-block-kadence-column{justify-content:start;}.kb-row-layout-id_907ff7-50 > .kt-row-column-wrap{column-gap:var(--global-kb-gap-md, 2rem);row-gap:var(--global-kb-gap-md, 2rem);max-width:var( --global-content-width, 1290px );padding-left:var(--global-content-edge-padding);padding-right:var(--global-content-edge-padding);padding-top:0px;padding-bottom:80px;grid-template-columns:minmax(0, 1fr) minmax(0, 2fr);}.kb-row-layout-id_907ff7-50 > .kt-row-layout-overlay{opacity:0.30;}@media all and (max-width: 1024px){.kb-row-layout-id_907ff7-50 > .kt-row-column-wrap{grid-template-columns:repeat(2, minmax(0, 1fr));}}@media all and (max-width: 767px){.kb-row-layout-id_907ff7-50 > .kt-row-column-wrap{grid-template-columns:minmax(0, 1fr);}}<\/style><div class=\"kb-row-layout-wrap kb-row-layout-id_907ff7-50 alignnone has-theme-palette8-background-color kt-row-has-bg wp-block-kadence-rowlayout\"><div class=\"kt-row-column-wrap kt-has-2-columns kt-row-layout-right-golden kt-tab-layout-inherit kt-mobile-layout-row kt-row-valign-top kb-theme-content-width\">\n<style>.kadence-column_3588ac-b6 > .kt-inside-inner-col,.kadence-column_3588ac-b6 > .kt-inside-inner-col:before{border-top-left-radius:0px;border-top-right-radius:0px;border-bottom-right-radius:0px;border-bottom-left-radius:0px;}.kadence-column_3588ac-b6 > .kt-inside-inner-col:before{opacity:0.3;}.kadence-column_3588ac-b6{position:relative;}<\/style>\n<div class=\"wp-block-kadence-column kadence-column_3588ac-b6\"><div class=\"kt-inside-inner-col\">\n<p><\/p>\n<\/div><\/div>\n\n\n<style>.kadence-column_af9630-f2 > .kt-inside-inner-col,.kadence-column_af9630-f2 > .kt-inside-inner-col:before{border-top-left-radius:0px;border-top-right-radius:0px;border-bottom-right-radius:0px;border-bottom-left-radius:0px;}.kadence-column_af9630-f2 > .kt-inside-inner-col:before{opacity:0.3;}.kadence-column_af9630-f2{position:relative;}<\/style>\n<div class=\"wp-block-kadence-column kadence-column_af9630-f2\"><div class=\"kt-inside-inner-col\">\n<p>W naszej plac\u00f3wce wszystkie meble, zabawki i materia\u0142y posiadaj\u0105 niezb\u0119dne atesty i certyfikaty, wymagane przez kontroluj\u0105ce nas instytucje.<\/p>\n\n\n\n<p>Nasza przestrze\u0144 zaprojektowana zosta\u0142a w spos\u00f3b ergonomiczny i bezpieczny dla naszych podopiecznych.<\/p>\n\n\n\n<p>Temperatura powietrza utrzymywana jest na optymalnym dla dzieciak\u00f3w poziomie 20-21 stopni. Codziennie wietrzymy pomieszczenia, aby zachowa\u0107 \u015bwie\u017ce powietrze.<\/p>\n\n\n\n<p>Dodatkowo w naszej sali zabaw posiadamy oczyszczacz i nawil\u017cacz powietrza i staramy si\u0119 utrzymywa\u0107 jak najwy\u017csz\u0105 jako\u015b\u0107 powietrza.<\/p>\n<\/div><\/div>\n\n<\/div><\/div>\n\n<style>.kb-row-layout-id_60973f-5a > .kt-row-column-wrap{align-content:start;}:where(.kb-row-layout-id_60973f-5a > .kt-row-column-wrap) > .wp-block-kadence-column{justify-content:start;}.kb-row-layout-id_60973f-5a > .kt-row-column-wrap{column-gap:var(--global-kb-gap-md, 2rem);row-gap:var(--global-kb-gap-md, 2rem);max-width:var( --global-content-width, 1290px );padding-left:var(--global-content-edge-padding);padding-right:var(--global-content-edge-padding);padding-top:0px;padding-bottom:80px;grid-template-columns:minmax(0, 2fr) minmax(0, 1fr);}.kb-row-layout-id_60973f-5a > .kt-row-layout-overlay{opacity:0.30;}.kb-row-layout-id_60973f-5a .kt-row-layout-bottom-sep{height:80px;}.kb-row-layout-id_60973f-5a .kt-row-layout-bottom-sep svg{width:100%;}.kb-row-layout-id_60973f-5a .kt-row-layout-bottom-sep svg{fill:#ffffff!important;}@media all and (max-width: 1024px){.kb-row-layout-id_60973f-5a > .kt-row-column-wrap{grid-template-columns:repeat(2, minmax(0, 1fr));}}@media all and (max-width: 1024px){.kb-row-layout-id_60973f-5a .kt-row-layout-bottom-sep{height:px;}}@media all and (max-width: 1024px){.kb-row-layout-id_60973f-5a .kt-row-layout-bottom-sep svg{width:%;}}@media all and (max-width: 767px){.kb-row-layout-id_60973f-5a > .kt-row-column-wrap{grid-template-columns:minmax(0, 1fr);}.kb-row-layout-id_60973f-5a .kt-row-layout-bottom-sep{height:px;}.kb-row-layout-id_60973f-5a .kt-row-layout-bottom-sep svg{width:%;}}<\/style><div class=\"kb-row-layout-wrap kb-row-layout-id_60973f-5a alignnone has-theme-palette8-background-color kt-row-has-bg wp-block-kadence-rowlayout\"><div class=\"kt-row-layout-bottom-sep kt-row-sep-type-crvri\"><svg viewBox=\"0 0 1000 100\" preserveAspectRatio=\"none\"><path d=\"M1000,0c0,0 -120.987,98 -350,98c-229.013,0 -650,-98 -650,-98l0,100l1000,0l0,-100Z\" \/><\/svg><\/div><div class=\"kt-row-column-wrap kt-has-2-columns kt-row-layout-left-golden kt-tab-layout-inherit kt-mobile-layout-row kt-row-valign-top kb-theme-content-width\">\n<style>.kadence-column_58c57e-30 > .kt-inside-inner-col,.kadence-column_58c57e-30 > .kt-inside-inner-col:before{border-top-left-radius:0px;border-top-right-radius:0px;border-bottom-right-radius:0px;border-bottom-left-radius:0px;}.kadence-column_58c57e-30 > .kt-inside-inner-col:before{opacity:0.3;}.kadence-column_58c57e-30{position:relative;}<\/style>\n<div class=\"wp-block-kadence-column kadence-column_58c57e-30\"><div class=\"kt-inside-inner-col\">\n<p>Wszyscy nasi podopieczni zostaj\u0105 obj\u0119ci podstawowym <strong>ubezpieczeniem NNW<\/strong> na ca\u0142y okres trwania umowy.<\/p>\n\n\n\n<p>Ubezpieczenie aktywne jest r\u00f3wnie\u017c poza plac\u00f3wk\u0105 \u017c\u0142obka.<\/p>\n\n\n\n<p>Istnieje r\u00f3wnie\u017c zwi\u0119kszenia pakietu ubezpieczeniowego wed\u0142ug w\u0142asnych potrzeb za dodatkow\u0105 op\u0142at\u0105 uzale\u017cnion\u0105 od cennika naszego agenta ubezpieczeniowego.<\/p>\n<\/div><\/div>\n\n\n<style>.kadence-column_dba9fd-fb > .kt-inside-inner-col,.kadence-column_dba9fd-fb > .kt-inside-inner-col:before{border-top-left-radius:0px;border-top-right-radius:0px;border-bottom-right-radius:0px;border-bottom-left-radius:0px;}.kadence-column_dba9fd-fb > .kt-inside-inner-col:before{opacity:0.3;}.kadence-column_dba9fd-fb{position:relative;}<\/style>\n<div class=\"wp-block-kadence-column kadence-column_dba9fd-fb\"><div class=\"kt-inside-inner-col\"><\/div><\/div>\n\n<\/div><\/div>","protected":false},"excerpt":{"rendered":"<p>Jeste\u015bmy plac\u00f3wk\u0105 zarejestrowan\u0105 jako \u017c\u0142obek i posiadamy wpis do rejestru \u017c\u0142obk\u00f3w i klub\u00f3w dzieci\u0119cych, znajduj\u0105cy si\u0119 pod adresem: https:\/\/empatia.mpips.gov.pl\/web\/piu\/mapa-zlobkow-i-klubow-dzieciecych . Co to oznacza w praktyce? Plac\u00f3wki wpisane do rejestru znajduj\u0105 si\u0119 pod nadzorem prezydenta miasta w zakresie warunk\u00f3w i jako\u015bci opieki. Przeszli\u015bmy wszystkie niezb\u0119dne odbiory (w tym sanepid i stra\u017c po\u017carna), co oznacza, \u017ce budynek&#8230;<\/p>\n","protected":false},"author":1,"featured_media":0,"parent":0,"menu_order":0,"comment_status":"closed","ping_status":"closed","template":"","meta":{"_kad_post_transparent":"","_kad_post_title":"","_kad_post_layout":"","_kad_post_sidebar_id":"","_kad_post_content_style":"","_kad_post_vertical_padding":"","_kad_post_feature":"","_kad_post_feature_position":"","_kad_post_header":false,"_kad_post_footer":false,"_kad_post_classname":"","footnotes":""},"class_list":["post-743","page","type-page","status-publish","hentry"],"_links":{"self":[{"href":"https:\/\/zlobekbabypanda.pl\/index.php?rest_route=\/wp\/v2\/pages\/743","targetHints":{"allow":["GET"]}}],"collection":[{"href":"https:\/\/zlobekbabypanda.pl\/index.php?rest_route=\/wp\/v2\/pages"}],"about":[{"href":"https:\/\/zlobekbabypanda.pl\/index.php?rest_route=\/wp\/v2\/types\/page"}],"author":[{"embeddable":true,"href":"https:\/\/zlobekbabypanda.pl\/index.php?rest_route=\/wp\/v2\/users\/1"}],"replies":[{"embeddable":true,"href":"https:\/\/zlobekbabypanda.pl\/index.php?rest_route=%2Fwp%2Fv2%2Fcomments&post=743"}],"version-history":[{"count":3,"href":"https:\/\/zlobekbabypanda.pl\/index.php?rest_route=\/wp\/v2\/pages\/743\/revisions"}],"predecessor-version":[{"id":801,"href":"https:\/\/zlobekbabypanda.pl\/index.php?rest_route=\/wp\/v2\/pages\/743\/revisions\/801"}],"wp:attachment":[{"href":"https:\/\/zlobekbabypanda.pl\/index.php?rest_route=%2Fwp%2Fv2%2Fmedia&parent=743"}],"curies":[{"name":"wp","href":"https:\/\/api.w.org\/{rel}","templated":true}]}}