{"id":745,"date":"2023-07-24T15:43:42","date_gmt":"2023-07-24T13:43:42","guid":{"rendered":"https:\/\/zlobekbabypanda.pl\/?page_id=745"},"modified":"2023-07-25T11:04:34","modified_gmt":"2023-07-25T09:04:34","slug":"aplikacja","status":"publish","type":"page","link":"https:\/\/zlobekbabypanda.pl\/?page_id=745","title":{"rendered":"aplikacja"},"content":{"rendered":"<style>.kb-row-layout-id_d6e58c-42 > .kt-row-column-wrap{align-content:start;}:where(.kb-row-layout-id_d6e58c-42 > .kt-row-column-wrap) > .wp-block-kadence-column{justify-content:start;}.kb-row-layout-id_d6e58c-42 > .kt-row-column-wrap{column-gap:var(--global-kb-gap-md, 2rem);row-gap:var(--global-kb-gap-md, 2rem);max-width:700px;margin-left:auto;margin-right:auto;padding-top:125px;padding-bottom:40px;grid-template-columns:minmax(0, 1fr);}.kb-row-layout-id_d6e58c-42 > .kt-row-layout-overlay{opacity:0.30;}.kb-row-layout-id_d6e58c-42 .kt-row-layout-bottom-sep{height:100px;}.kb-row-layout-id_d6e58c-42 .kt-row-layout-bottom-sep svg{width:100%;}.kb-row-layout-id_d6e58c-42 .kt-row-layout-bottom-sep svg{fill:#ffffff!important;}.kb-row-layout-id_d6e58c-42 .kt-row-layout-top-sep{height:100px;}.kb-row-layout-id_d6e58c-42 .kt-row-layout-top-sep svg{fill:#ffffff!important;}@media all and (max-width: 1024px){.kb-row-layout-id_d6e58c-42 > .kt-row-column-wrap{grid-template-columns:minmax(0, 1fr);}}@media all and (max-width: 1024px){.kb-row-layout-id_d6e58c-42 .kt-row-layout-bottom-sep{height:px;}}@media all and (max-width: 1024px){.kb-row-layout-id_d6e58c-42 .kt-row-layout-bottom-sep svg{width:%;}}@media all and (max-width: 767px){.kb-row-layout-id_d6e58c-42 > .kt-row-column-wrap{grid-template-columns:minmax(0, 1fr);}.kb-row-layout-id_d6e58c-42 .kt-row-layout-bottom-sep{height:px;}.kb-row-layout-id_d6e58c-42 .kt-row-layout-bottom-sep svg{width:%;}}<\/style><div class=\"kb-row-layout-wrap kb-row-layout-id_d6e58c-42 alignnone has-theme-palette8-background-color kt-row-has-bg wp-block-kadence-rowlayout\"><div class=\"kt-row-layout-top-sep kt-row-sep-type-wavesi\"><svg viewBox=\"0 0 1000 100\" preserveAspectRatio=\"none\"><path d=\"M0,40c0,0 120.077,-38.076 250,-38c129.923,0.076 345.105,78 500,78c154.895,0 250,-30 250,-30l0,50l-1000,0l0,-60Z\" \/><path d=\"M0,40c0,0 120.077,-38.076 250,-38c129.923,0.076 345.105,73 500,73c154.895,0 250,-45 250,-45l0,70l-1000,0l0,-60Z\" style=\"opacity: 0.4\" \/><path d=\"M0,40c0,0 120.077,-38.076 250,-38c129.923,0.076 345.105,68 500,68c154.895,0 250,-65 250,-65l0,95l-1000,0l0,-60Z\" style=\"opacity: 0.4\" \/><\/svg><\/div><div class=\"kt-row-column-wrap kt-has-1-columns kt-row-layout-equal kt-tab-layout-inherit kt-mobile-layout-row kt-row-valign-top\">\n<style>.kadence-column_181455-83 > .kt-inside-inner-col,.kadence-column_181455-83 > .kt-inside-inner-col:before{border-top-left-radius:0px;border-top-right-radius:0px;border-bottom-right-radius:0px;border-bottom-left-radius:0px;}.kadence-column_181455-83 > .kt-inside-inner-col:before{opacity:0.3;}.kadence-column_181455-83{position:relative;}<\/style>\n<div class=\"wp-block-kadence-column kadence-column_181455-83 inner-column-1\"><div class=\"kt-inside-inner-col\"><\/div><\/div>\n\n<\/div><\/div>\n\n<style>.kb-row-layout-id_e00bae-01 > .kt-row-column-wrap{align-content:start;}:where(.kb-row-layout-id_e00bae-01 > .kt-row-column-wrap) > .wp-block-kadence-column{justify-content:start;}.kb-row-layout-id_e00bae-01 > .kt-row-column-wrap{column-gap:var(--global-kb-gap-md, 2rem);row-gap:var(--global-kb-gap-md, 2rem);max-width:var( --global-content-width, 1290px );padding-left:var(--global-content-edge-padding);padding-right:var(--global-content-edge-padding);padding-top:0px;padding-bottom:80px;grid-template-columns:minmax(0, 2fr) minmax(0, 1fr);}.kb-row-layout-id_e00bae-01 > .kt-row-layout-overlay{opacity:0.30;}.kb-row-layout-id_e00bae-01 .kt-row-layout-bottom-sep{height:100px;}.kb-row-layout-id_e00bae-01 .kt-row-layout-bottom-sep svg{width:100%;}.kb-row-layout-id_e00bae-01 .kt-row-layout-bottom-sep svg{fill:#ffffff!important;}@media all and (max-width: 1024px){.kb-row-layout-id_e00bae-01 > .kt-row-column-wrap{grid-template-columns:repeat(2, minmax(0, 1fr));}}@media all and (max-width: 1024px){.kb-row-layout-id_e00bae-01 .kt-row-layout-bottom-sep{height:px;}}@media all and (max-width: 1024px){.kb-row-layout-id_e00bae-01 .kt-row-layout-bottom-sep svg{width:%;}}@media all and (max-width: 767px){.kb-row-layout-id_e00bae-01 > .kt-row-column-wrap{grid-template-columns:minmax(0, 1fr);}.kb-row-layout-id_e00bae-01 .kt-row-layout-bottom-sep{height:px;}.kb-row-layout-id_e00bae-01 .kt-row-layout-bottom-sep svg{width:%;}}<\/style><div class=\"kb-row-layout-wrap kb-row-layout-id_e00bae-01 alignnone has-theme-palette8-background-color kt-row-has-bg wp-block-kadence-rowlayout\"><div class=\"kt-row-layout-bottom-sep kt-row-sep-type-crvri\"><svg viewBox=\"0 0 1000 100\" preserveAspectRatio=\"none\"><path d=\"M1000,0c0,0 -120.987,98 -350,98c-229.013,0 -650,-98 -650,-98l0,100l1000,0l0,-100Z\" \/><\/svg><\/div><div class=\"kt-row-column-wrap kt-has-2-columns kt-row-layout-left-golden kt-tab-layout-inherit kt-mobile-layout-row kt-row-valign-top kb-theme-content-width\">\n<style>.kadence-column_e0a17a-10 > .kt-inside-inner-col,.kadence-column_e0a17a-10 > .kt-inside-inner-col:before{border-top-left-radius:0px;border-top-right-radius:0px;border-bottom-right-radius:0px;border-bottom-left-radius:0px;}.kadence-column_e0a17a-10 > .kt-inside-inner-col:before{opacity:0.3;}.kadence-column_e0a17a-10{position:relative;}<\/style>\n<div class=\"wp-block-kadence-column kadence-column_e0a17a-10\"><div class=\"kt-inside-inner-col\">\n<p><strong>Posiadamy aplikacj\u0119 dla rodzic\u00f3w LiveKid, kt\u00f3ra u\u0142atwia nam wzajemn\u0105 komunikacj\u0119.<\/strong><\/p>\n\n\n\n<ul class=\"wp-block-list\">\n<li>zg\u0142aszanie nieobecno\u015bci<\/li>\n\n\n\n<li>bezpo\u015bredni kontakt z opiekunami<\/li>\n\n\n\n<li>szybkie informacje na temat brakuj\u0105cych pieluch czy chusteczek<\/li>\n\n\n\n<li>codzienne zdj\u0119cia z naszych aktywno\u015bci<\/li>\n\n\n\n<li>dost\u0119p do jad\u0142ospisu<\/li>\n\n\n\n<li>informacje na temat czasu trwania drzemki<\/li>\n\n\n\n<li>rozliczenia z plac\u00f3wk\u0105.<\/li>\n<\/ul>\n<\/div><\/div>\n\n\n<style>.kadence-column_09b14e-58 > .kt-inside-inner-col,.kadence-column_09b14e-58 > .kt-inside-inner-col:before{border-top-left-radius:0px;border-top-right-radius:0px;border-bottom-right-radius:0px;border-bottom-left-radius:0px;}.kadence-column_09b14e-58 > .kt-inside-inner-col:before{opacity:0.3;}.kadence-column_09b14e-58{position:relative;}<\/style>\n<div class=\"wp-block-kadence-column kadence-column_09b14e-58\"><div class=\"kt-inside-inner-col\">\n<figure class=\"wp-block-image size-large is-resized\"><img loading=\"lazy\" decoding=\"async\" src=\"https:\/\/zlobekbabypanda.pl\/wp-content\/uploads\/2023\/07\/livekid-1024x1024.png\" alt=\"\" class=\"wp-image-763\" width=\"277\" height=\"277\" srcset=\"https:\/\/zlobekbabypanda.pl\/wp-content\/uploads\/2023\/07\/livekid-1024x1024.png 1024w, https:\/\/zlobekbabypanda.pl\/wp-content\/uploads\/2023\/07\/livekid-300x300.png 300w, https:\/\/zlobekbabypanda.pl\/wp-content\/uploads\/2023\/07\/livekid-150x150.png 150w, https:\/\/zlobekbabypanda.pl\/wp-content\/uploads\/2023\/07\/livekid-768x768.png 768w, https:\/\/zlobekbabypanda.pl\/wp-content\/uploads\/2023\/07\/livekid.png 1079w\" sizes=\"auto, (max-width: 277px) 100vw, 277px\" \/><\/figure>\n<\/div><\/div>\n\n<\/div><\/div>","protected":false},"excerpt":{"rendered":"<p>Posiadamy aplikacj\u0119 dla rodzic\u00f3w LiveKid, kt\u00f3ra u\u0142atwia nam wzajemn\u0105 komunikacj\u0119.<\/p>\n","protected":false},"author":1,"featured_media":0,"parent":0,"menu_order":0,"comment_status":"closed","ping_status":"closed","template":"","meta":{"_kad_post_transparent":"","_kad_post_title":"","_kad_post_layout":"","_kad_post_sidebar_id":"","_kad_post_content_style":"","_kad_post_vertical_padding":"","_kad_post_feature":"","_kad_post_feature_position":"","_kad_post_header":false,"_kad_post_footer":false,"_kad_post_classname":"","footnotes":""},"class_list":["post-745","page","type-page","status-publish","hentry"],"_links":{"self":[{"href":"https:\/\/zlobekbabypanda.pl\/index.php?rest_route=\/wp\/v2\/pages\/745","targetHints":{"allow":["GET"]}}],"collection":[{"href":"https:\/\/zlobekbabypanda.pl\/index.php?rest_route=\/wp\/v2\/pages"}],"about":[{"href":"https:\/\/zlobekbabypanda.pl\/index.php?rest_route=\/wp\/v2\/types\/page"}],"author":[{"embeddable":true,"href":"https:\/\/zlobekbabypanda.pl\/index.php?rest_route=\/wp\/v2\/users\/1"}],"replies":[{"embeddable":true,"href":"https:\/\/zlobekbabypanda.pl\/index.php?rest_route=%2Fwp%2Fv2%2Fcomments&post=745"}],"version-history":[{"count":5,"href":"https:\/\/zlobekbabypanda.pl\/index.php?rest_route=\/wp\/v2\/pages\/745\/revisions"}],"predecessor-version":[{"id":786,"href":"https:\/\/zlobekbabypanda.pl\/index.php?rest_route=\/wp\/v2\/pages\/745\/revisions\/786"}],"wp:attachment":[{"href":"https:\/\/zlobekbabypanda.pl\/index.php?rest_route=%2Fwp%2Fv2%2Fmedia&parent=745"}],"curies":[{"name":"wp","href":"https:\/\/api.w.org\/{rel}","templated":true}]}}